{"id":17348,"date":"2021-04-22T19:36:21","date_gmt":"2021-04-22T19:36:21","guid":{"rendered":"http:\/\/evivousa.com\/sinder\/?page_id=17348"},"modified":"2024-06-14T17:05:07","modified_gmt":"2024-06-14T17:05:07","slug":"estatutos-y-objetivos","status":"publish","type":"page","link":"https:\/\/sindeperbo.com\/index.php\/estatutos-y-objetivos\/","title":{"rendered":"Estatutos y Objetivos"},"content":{"rendered":"<p>[vc_row el_id=\u00bbfirst-row\u00bb][vc_column]\r\n\t<div class=\"startflow-spacer clearfix\" data-desktop=\"50\" data-mobi=\"50\" data-smobi=\"50\"><\/div><div class=\"startflow-single-heading clearfix text-center\" style=\"margin-bottom:20px;\"><span class=\"inner\"><span class=\"heading clearfix \" style=\"color:#930202;font-size:20px;\">\r\n\t\tSINDEPERBO\r\n\t<\/span><\/span><\/div><div class=\"startflow-headings clearfix text-center\"  style=\"\"><h2 class=\"heading clearfix \" style=\"color:#000000;margin-bottom:12px;\">\r\n\t\tSindicato de Empleados de la Personer\u00eda de Bogot\u00e1\r\n\t<\/h2><p class=\"sub-heading clearfix\" style=\"font-style:normal;font-size:18px;line-height:29px;max-width:740px;margin-left: auto; margin-right: auto;\">\r\n\t\tRegistro sindical 1-38 de 12 de Mayo del 2015, del Ministerio de Trabajo\r\n\t<\/p><\/div>\r\n\t<div class=\"startflow-spacer clearfix\" data-desktop=\"25\" data-mobi=\"25\" data-smobi=\"25\"><\/div>[vc_column_text]<\/p>\n<p style=\"text-align: center;\">Los presentes Estatutos fueron adoptados, por la Asamblea General del Sindicato,<br \/>\nefectuada en Bogot\u00e1 D.C., el d\u00eda 25 de septiembre de 2015 y modificados en<br \/>\nAsamblea Extraordinaria del 19 de noviembre de 2021.<\/p>\n<p>[\/vc_column_text]\r\n\t<div class=\"startflow-spacer clearfix\" data-desktop=\"30\" data-mobi=\"30\" data-smobi=\"30\"><\/div>[vc_row_inner][vc_column_inner width=\u00bb1\/3&#8243;][\/vc_column_inner][vc_column_inner width=\u00bb1\/3&#8243;]<div class=\"button-wrap icon-right has-icon\" style=\"display: block; text-align: center;\" ><a href=\"http:\/\/sindeperbo.com\/wp-content\/uploads\/2022\/09\/ESTATUTOS-SINDEPERBO-NUEVO.pdf\" target=\"_blank\" class=\"startflow-button btn-90355026 medium custom custom custom\" style=\"display: block; text-align: center;\"  data-background=\"#930202\" data-text=\"#ffffff\" data-text-hover=\"#ffffff\" data-background-hover=\"#000000\" data-icon-hover=\"#ffffff\" data-icon=\"#ffffff\">\r\n\t\t<span style=\"\">Descargar estatutos <span class=\"icon\" style=\"\"><i class=\"elegant-icon_cloud-download_alt\"><\/i><\/span><\/span>\r\n\t<\/a><\/div>[\/vc_column_inner][vc_column_inner width=\u00bb1\/3&#8243;][\/vc_column_inner][\/vc_row_inner]\r\n\t<div class=\"startflow-spacer clearfix\" data-desktop=\"90\" data-mobi=\"50\" data-smobi=\"50\"><\/div>[\/vc_column][\/vc_row][vc_row][vc_column]<div class=\"startflow-headings clearfix text-center\"  style=\"\"><h2 class=\"heading clearfix \" style=\"color:#000000;\">\r\n\t\tObjetivos y fines\r\n\t<\/h2><\/div>\r\n\t<div class=\"startflow-spacer clearfix\" data-desktop=\"20\" data-mobi=\"20\" data-smobi=\"20\"><\/div>[vc_column_text]ART\u00cdCULO 4. SINDEPERBO TENDR\u00c1 LOS SIGUIENTES OBJETIVOS Y FINES:[\/vc_column_text]\r\n\t<div class=\"startflow-spacer clearfix\" data-desktop=\"30\" data-mobi=\"30\" data-smobi=\"30\"><\/div><div class=\"startflow-list clearfix icon-middle\" >\r\n\t\t<div style=\"\">\r\n\t\t\t<span style=\"padding-left:30px;\"><span class=\"icon \" style=\"color:#930202;\">\r\n\t\t\t<i class=\"elegant-icon_circle-slelected\"><\/i>\r\n\t\t<\/span> <span style=\"\">Elaborar, negociar, celebrar y adelantar el respectivo seguimiento, a los Acuerdos Laborales, garantizando su cumplimiento.<\/span><\/span>\r\n\t\t<\/div>\r\n\t<\/div><div class=\"startflow-list clearfix icon-middle\" >\r\n\t\t<div style=\"\">\r\n\t\t\t<span style=\"padding-left:30px;\"><span class=\"icon \" style=\"color:#930202;\">\r\n\t\t\t<i class=\"elegant-icon_circle-slelected\"><\/i>\r\n\t\t<\/span> <span style=\"\">Asesorar a sus asociados (as) en defensa de los derechos de carrera administrativa, puestos de trabajo, cargas laborales, clima organizacional y bienestar social integral, capacitaci\u00f3n, convenci\u00f3n colectiva y representarlos (as) ante autoridad administrativa, ante los empleadores y ante terceros.<\/span><\/span>\r\n\t\t<\/div>\r\n\t<\/div><div class=\"startflow-list clearfix icon-middle\" >\r\n\t\t<div style=\"\">\r\n\t\t\t<span style=\"padding-left:30px;\"><span class=\"icon \" style=\"color:#930202;\">\r\n\t\t\t<i class=\"elegant-icon_circle-slelected\"><\/i>\r\n\t\t<\/span> <span style=\"\">Representar los intereses laborales de car\u00e1cter individual y colectivo de los afiliados (as) a SINDEPERBO, que no hayan podido resolverse por arreglo directo; ante los empleadores.<\/span><\/span>\r\n\t\t<\/div>\r\n\t<\/div><div class=\"startflow-list clearfix icon-middle\" >\r\n\t\t<div style=\"\">\r\n\t\t\t<span style=\"padding-left:30px;\"><span class=\"icon \" style=\"color:#930202;\">\r\n\t\t\t<i class=\"elegant-icon_circle-slelected\"><\/i>\r\n\t\t<\/span> <span style=\"\">Fomentar y promover la formaci\u00f3n y capacitaci\u00f3n general y sindical de los afiliados y afiliadas.<\/span><\/span>\r\n\t\t<\/div>\r\n\t<\/div><div class=\"startflow-list clearfix icon-middle\" >\r\n\t\t<div style=\"\">\r\n\t\t\t<span style=\"padding-left:30px;\"><span class=\"icon \" style=\"color:#930202;\">\r\n\t\t\t<i class=\"elegant-icon_circle-slelected\"><\/i>\r\n\t\t<\/span> <span style=\"\">Prestar solidaridad a sus afiliados (as) en caso de calamidad por fuerza mayor o caso fortuito, dentro de las posibilidades del Sindicato.<\/span><\/span>\r\n\t\t<\/div>\r\n\t<\/div><div class=\"startflow-list clearfix icon-middle\" >\r\n\t\t<div style=\"\">\r\n\t\t\t<span style=\"padding-left:30px;\"><span class=\"icon \" style=\"color:#930202;\">\r\n\t\t\t<i class=\"elegant-icon_circle-slelected\"><\/i>\r\n\t\t<\/span> <span style=\"\">Propender por establecer relaciones de colaboraci\u00f3n, apoyo, comunicaci\u00f3n y trabajo con organizaciones nacionales e internacionales, en defensa de los sindicatos y los derechos de los trabajadores.<\/span><\/span>\r\n\t\t<\/div>\r\n\t<\/div><div class=\"startflow-list clearfix icon-middle\" >\r\n\t\t<div style=\"\">\r\n\t\t\t<span style=\"padding-left:30px;\"><span class=\"icon \" style=\"color:#930202;\">\r\n\t\t\t<i class=\"elegant-icon_circle-slelected\"><\/i>\r\n\t\t<\/span> <span style=\"\">Vigilar el cumplimiento de las pol\u00edticas, programas, planes y proyectos que se desarrollen en los procesos misionales de la Personer\u00eda de Bogot\u00e1 D.C. La Junta Directiva promover\u00e1 la conformaci\u00f3n de una (s) comisi\u00f3n (es) de control social que lleve a cabo este fin.<\/span><\/span>\r\n\t\t<\/div>\r\n\t<\/div>[\/vc_column][\/vc_row]<\/p>\n","protected":false},"excerpt":{"rendered":"<p>[vc_row el_id=\u00bbfirst-row\u00bb][vc_column][vc_column_text] Los presentes Estatutos fueron adoptados, por la Asamblea General del Sindicato, efectuada en Bogot\u00e1 D.C., el d\u00eda 25 de septiembre de 2015 y modificados en Asamblea Extraordinaria del 19 de noviembre de 2021. [\/vc_column_text][vc_row_inner][vc_column_inner width=\u00bb1\/3&#8243;][\/vc_column_inner][vc_column_inner width=\u00bb1\/3&#8243;][\/vc_column_inner][vc_column_inner width=\u00bb1\/3&#8243;][\/vc_column_inner][\/vc_row_inner][\/vc_column][\/vc_row][vc_row][vc_column][vc_column_text]ART\u00cdCULO 4. SINDEPERBO TENDR\u00c1 LOS SIGUIENTES OBJETIVOS Y FINES:[\/vc_column_text][\/vc_column][\/vc_row]<\/p>\n","protected":false},"author":1,"featured_media":0,"parent":0,"menu_order":0,"comment_status":"closed","ping_status":"closed","template":"","meta":{"om_disable_all_campaigns":false,"_monsterinsights_skip_tracking":false,"_monsterinsights_sitenote_active":false,"_monsterinsights_sitenote_note":"","_monsterinsights_sitenote_category":0,"footnotes":""},"class_list":["post-17348","page","type-page","status-publish","hentry"],"aioseo_notices":[],"_links":{"self":[{"href":"https:\/\/sindeperbo.com\/index.php\/wp-json\/wp\/v2\/pages\/17348","targetHints":{"allow":["GET"]}}],"collection":[{"href":"https:\/\/sindeperbo.com\/index.php\/wp-json\/wp\/v2\/pages"}],"about":[{"href":"https:\/\/sindeperbo.com\/index.php\/wp-json\/wp\/v2\/types\/page"}],"author":[{"embeddable":true,"href":"https:\/\/sindeperbo.com\/index.php\/wp-json\/wp\/v2\/users\/1"}],"replies":[{"embeddable":true,"href":"https:\/\/sindeperbo.com\/index.php\/wp-json\/wp\/v2\/comments?post=17348"}],"version-history":[{"count":21,"href":"https:\/\/sindeperbo.com\/index.php\/wp-json\/wp\/v2\/pages\/17348\/revisions"}],"predecessor-version":[{"id":17769,"href":"https:\/\/sindeperbo.com\/index.php\/wp-json\/wp\/v2\/pages\/17348\/revisions\/17769"}],"wp:attachment":[{"href":"https:\/\/sindeperbo.com\/index.php\/wp-json\/wp\/v2\/media?parent=17348"}],"curies":[{"name":"wp","href":"https:\/\/api.w.org\/{rel}","templated":true}]}}