{"id":17373,"date":"2021-04-22T20:26:05","date_gmt":"2021-04-22T20:26:05","guid":{"rendered":"http:\/\/evivousa.com\/sinder\/?page_id=17373"},"modified":"2026-04-06T08:13:29","modified_gmt":"2026-04-06T08:13:29","slug":"afiliaciones","status":"publish","type":"page","link":"https:\/\/sindeperbo.com\/index.php\/afiliaciones\/","title":{"rendered":"Afiliaciones"},"content":{"rendered":"\n<div style=\"height:86px\" aria-hidden=\"true\" class=\"wp-block-spacer\"><\/div>\n\n\n\n<h2 class=\"wp-block-heading has-text-align-center has-vivid-red-color has-text-color has-link-color wp-elements-9c31b40d8f61fcea8e0811753a7c79cc\">\u00bfPor qu\u00e9 afiliarte a SINDEPERBO?<\/h2>\n\n\n\n<p class=\"has-text-align-center\">Conoce los principales beneficios de hacer parte de nuestra organizaci\u00f3n y c\u00f3mo puedes fortalecer la defensa de tus derechos laborales.<\/p>\n\n\n\n<figure class=\"wp-block-embed aligncenter is-type-video is-provider-youtube wp-block-embed-youtube wp-embed-aspect-16-9 wp-has-aspect-ratio\"><div class=\"wp-block-embed__wrapper\">\n<iframe title=\"Aqu\u00ed te contamos los principales beneficios de pertenecer a Sindeperbo\" width=\"1170\" height=\"658\" src=\"https:\/\/www.youtube.com\/embed\/CivYbbqjg2U?feature=oembed\" frameborder=\"0\" allow=\"accelerometer; autoplay; clipboard-write; encrypted-media; gyroscope; picture-in-picture; web-share\" referrerpolicy=\"strict-origin-when-cross-origin\" allowfullscreen><\/iframe>\n<\/div><\/figure>\n\n\n\n<div style=\"height:20px\" aria-hidden=\"true\" class=\"wp-block-spacer\"><\/div>\n\n\n\n<h2 class=\"wp-block-heading has-text-align-center has-vivid-red-color has-text-color has-link-color wp-elements-2c3b0889b718f8f38a042079b7c5d736\">Haz parte de SINDEPERBO<\/h2>\n\n\n\n<p class=\"has-medium-font-size\">Afiliarte a SINDEPERBO es una forma de apoyar la defensa de tus derechos laborales y fortalecer nuestra organizaci\u00f3n. Para hacerlo, descarga el formulario, dilig\u00e9ncialo y env\u00edalo al correo: <strong><a>sindeperbo@personeriabogota.gov.co<\/a><\/strong><\/p>\n\n\n\n<div style=\"height:25px\" aria-hidden=\"true\" class=\"wp-block-spacer\"><\/div>\n\n\n\n<div class=\"wp-block-buttons is-content-justification-center is-layout-flex wp-container-core-buttons-is-layout-16018d1d wp-block-buttons-is-layout-flex\">\n<div class=\"wp-block-button is-style-outline is-style-outline--1\"><a class=\"wp-block-button__link wp-element-button\" href=\"https:\/\/sindeperbo.com\/wp-content\/uploads\/2026\/04\/afiliacion-.pdf\" style=\"border-top-left-radius:0px;border-top-right-radius:0px;border-bottom-left-radius:0px;border-bottom-right-radius:0px\">Descargar formulario de afiliaci\u00f3n<\/a><\/div>\n<\/div>\n\n\n\n<div class=\"wp-block-file aligncenter\"><a id=\"wp-block-file--media-f85824ca-90b0-487c-8748-204818e96825\" href=\"https:\/\/sindeperbo.com\/wp-content\/uploads\/2026\/04\/afiliacion-.pdf\" target=\"_blank\" rel=\"noreferrer noopener\">afiliacion<\/a><a href=\"https:\/\/sindeperbo.com\/wp-content\/uploads\/2026\/04\/afiliacion-.pdf\" class=\"wp-block-file__button wp-element-button\" download aria-describedby=\"wp-block-file--media-f85824ca-90b0-487c-8748-204818e96825\">Descarga<\/a><\/div>\n","protected":false},"excerpt":{"rendered":"<p>\u00bfPor qu\u00e9 afiliarte a SINDEPERBO? Conoce los principales beneficios de hacer parte de nuestra organizaci\u00f3n y c\u00f3mo puedes fortalecer la defensa de tus derechos laborales. Haz parte de SINDEPERBO Afiliarte a SINDEPERBO es una forma de apoyar la defensa de tus derechos laborales y fortalecer nuestra organizaci\u00f3n. Para hacerlo, descarga<\/p>\n","protected":false},"author":1,"featured_media":0,"parent":0,"menu_order":0,"comment_status":"closed","ping_status":"closed","template":"","meta":{"om_disable_all_campaigns":false,"_monsterinsights_skip_tracking":false,"_monsterinsights_sitenote_active":false,"_monsterinsights_sitenote_note":"","_monsterinsights_sitenote_category":0,"footnotes":""},"class_list":["post-17373","page","type-page","status-publish","hentry"],"aioseo_notices":[],"_links":{"self":[{"href":"https:\/\/sindeperbo.com\/index.php\/wp-json\/wp\/v2\/pages\/17373","targetHints":{"allow":["GET"]}}],"collection":[{"href":"https:\/\/sindeperbo.com\/index.php\/wp-json\/wp\/v2\/pages"}],"about":[{"href":"https:\/\/sindeperbo.com\/index.php\/wp-json\/wp\/v2\/types\/page"}],"author":[{"embeddable":true,"href":"https:\/\/sindeperbo.com\/index.php\/wp-json\/wp\/v2\/users\/1"}],"replies":[{"embeddable":true,"href":"https:\/\/sindeperbo.com\/index.php\/wp-json\/wp\/v2\/comments?post=17373"}],"version-history":[{"count":20,"href":"https:\/\/sindeperbo.com\/index.php\/wp-json\/wp\/v2\/pages\/17373\/revisions"}],"predecessor-version":[{"id":18339,"href":"https:\/\/sindeperbo.com\/index.php\/wp-json\/wp\/v2\/pages\/17373\/revisions\/18339"}],"wp:attachment":[{"href":"https:\/\/sindeperbo.com\/index.php\/wp-json\/wp\/v2\/media?parent=17373"}],"curies":[{"name":"wp","href":"https:\/\/api.w.org\/{rel}","templated":true}]}}