{"id":17378,"date":"2021-04-22T20:45:44","date_gmt":"2021-04-22T20:45:44","guid":{"rendered":"http:\/\/evivousa.com\/sinder\/?page_id=17378"},"modified":"2024-09-13T02:04:59","modified_gmt":"2024-09-13T02:04:59","slug":"pliegos-acuerdos","status":"publish","type":"page","link":"https:\/\/sindeperbo.com\/index.php\/pliegos-acuerdos\/","title":{"rendered":"pliegos &#8211; acuerdos"},"content":{"rendered":"<p>[vc_row css=\u00bb.vc_custom_1622767192961{padding-top: 50px !important;padding-bottom: 50px !important;background-color: #4d4d4d !important;background-position: center !important;background-repeat: no-repeat !important;background-size: cover !important;}\u00bb][vc_column]\r\n\t<div class=\"startflow-spacer clearfix\" data-desktop=\"50\" data-mobi=\"50\" data-smobi=\"50\"><\/div><div class=\"startflow-single-heading clearfix text-center\" style=\"margin-bottom:20px;\"><span class=\"inner\"><span class=\"heading clearfix \" style=\"color:#ffffff;font-size:20px;\">\r\n\t\tSINDEPERBO\r\n\t<\/span><\/span><\/div><div class=\"startflow-headings clearfix text-center\"  style=\"\"><h1 class=\"heading clearfix \" style=\"color:#ffffff;margin-bottom:12px;\">\r\n\t\tPliegos\r\n\t<\/h1><\/div>\r\n\t<div class=\"startflow-spacer clearfix\" data-desktop=\"20\" data-mobi=\"20\" data-smobi=\"20\"><\/div>[vc_separator color=\u00bbwhite\u00bb style=\u00bbdashed\u00bb el_width=\u00bb70&#8243;]\r\n\t<div class=\"startflow-spacer clearfix\" data-desktop=\"40\" data-mobi=\"40\" data-smobi=\"40\"><\/div>[vc_row_inner][vc_column_inner width=\u00bb1\/3&#8243;]<div class=\"startflow-icon-box clearfix icon-top align-center  simple\" style=\"\" ><div class=\"wrap-inner\" style=\"position: relative;\"><div class=\"startflow-icon icon-470229087 custom custom\"  data-icon=\"#ffffff\" data-background=\"\" data-border=\"#ffffff\">\r\n\t\t\t\t<span class=\"icon\" style=\"font-size:40px;width:60px;height:60px;border-style:solid;border-width:1px;\"><i class=\"elegant-icon_documents_alt\"><\/i><\/span>\r\n\t\t\t<\/div> <h6 class=\"heading  white\" style=\"color:#ffffff;\">\r\n\t\t\t<span>Pliego de Peticiones radicado el 28-02-22<\/span>\r\n\t\t<\/h6><div class=\"url-wrap\" style=\"\">\r\n\t\t\t<a target=\"_blank\" class=\"startflow-button big btn-124233377 custom custom outline solid custom\" href=\"http:\/\/sindeperbo.com\/wp-content\/uploads\/2022\/03\/Pliego-de-Peticiones-radicado-el-28-02-22-1_removed.pdf\" style=\"border-width:1px;\"  data-background=\"\" data-text=\"#ffffff\" data-border=\"#ffffff\">Ver pliego<\/a>\r\n\t\t<\/div> <\/div><\/div>[\/vc_column_inner][vc_column_inner width=\u00bb1\/3&#8243;]<div class=\"startflow-icon-box clearfix icon-top align-center  simple\" style=\"\" ><div class=\"wrap-inner\" style=\"position: relative;\"><div class=\"startflow-icon icon-1853440837 custom custom\"  data-icon=\"#ffffff\" data-background=\"\" data-border=\"#ffffff\">\r\n\t\t\t\t<span class=\"icon\" style=\"font-size:40px;width:60px;height:60px;border-style:solid;border-width:1px;\"><i class=\"elegant-icon_documents_alt\"><\/i><\/span>\r\n\t\t\t<\/div> <h6 class=\"heading  white\" style=\"color:#ffffff;\">\r\n\t\t\t<span>Acuerdo Colectivo Distrital 2024-2025<\/span>\r\n\t\t<\/h6><div class=\"url-wrap\" style=\"\">\r\n\t\t\t<a target=\"_blank\" class=\"startflow-button big btn-805343073 custom custom outline solid custom\" href=\"https:\/\/sindeperbo.com\/wp-content\/uploads\/2024\/09\/Acuerdo-Colectivo-Distrital-2024-2025.pdf\" style=\"border-width:1px;\"  data-background=\"\" data-text=\"#ffffff\" data-border=\"#ffffff\">Ver acuerdo<\/a>\r\n\t\t<\/div> <\/div><\/div>[\/vc_column_inner][vc_column_inner width=\u00bb1\/3&#8243;][\/vc_column_inner][\/vc_row_inner]\r\n\t<div class=\"startflow-spacer clearfix\" data-desktop=\"40\" data-mobi=\"40\" data-smobi=\"40\"><\/div>[vc_row_inner][vc_column_inner width=\u00bb1\/3&#8243;]<div class=\"startflow-icon-box clearfix icon-top align-center  simple\" style=\"\" ><div class=\"wrap-inner\" style=\"position: relative;\"><div class=\"startflow-icon icon-215325041 custom custom\"  data-icon=\"#ffffff\" data-background=\"\" data-border=\"#ffffff\">\r\n\t\t\t\t<span class=\"icon\" style=\"font-size:40px;width:60px;height:60px;border-style:solid;border-width:1px;\"><i class=\"elegant-icon_documents_alt\"><\/i><\/span>\r\n\t\t\t<\/div> <h6 class=\"heading  white\" style=\"color:#ffffff;\">\r\n\t\t\t<span>Pliego 2017 radicado Mintrabajo<\/span>\r\n\t\t<\/h6><div class=\"url-wrap\" style=\"\">\r\n\t\t\t<a target=\"_blank\" class=\"startflow-button big btn-1832763607 custom custom outline solid custom\" href=\"http:\/\/sindeperbo.com\/wp-content\/uploads\/2021\/04\/Pliego-2017-radicado-Mintrabajo.pdf\" style=\"border-width:1px;\"  data-background=\"\" data-text=\"#ffffff\" data-border=\"#ffffff\">Ver pliego<\/a>\r\n\t\t<\/div> <\/div><\/div>[\/vc_column_inner][vc_column_inner width=\u00bb1\/3&#8243;]<div class=\"startflow-icon-box clearfix icon-top align-center  simple\" style=\"\" ><div class=\"wrap-inner\" style=\"position: relative;\"><div class=\"startflow-icon icon-94611772 custom custom\"  data-icon=\"#ffffff\" data-background=\"\" data-border=\"#ffffff\">\r\n\t\t\t\t<span class=\"icon\" style=\"font-size:40px;width:60px;height:60px;border-style:solid;border-width:1px;\"><i class=\"elegant-icon_documents_alt\"><\/i><\/span>\r\n\t\t\t<\/div> <h6 class=\"heading  white\" style=\"color:#ffffff;\">\r\n\t\t\t<span>Pliego de petici\u00f3n 2020<\/span>\r\n\t\t<\/h6><div class=\"url-wrap\" style=\"\">\r\n\t\t\t<a target=\"_blank\" class=\"startflow-button big btn-1819637696 custom custom outline solid custom\" href=\"http:\/\/sindeperbo.com\/wp-content\/uploads\/2021\/04\/PLIEGO-DE-PETICION-SINDEPERBO-2020.pdf\" style=\"border-width:1px;\"  data-background=\"\" data-text=\"#ffffff\" data-border=\"#ffffff\">Ver pliego<\/a>\r\n\t\t<\/div> <\/div><\/div>[\/vc_column_inner][vc_column_inner width=\u00bb1\/3&#8243;]<div class=\"startflow-icon-box clearfix icon-top align-center  simple\" style=\"\" ><div class=\"wrap-inner\" style=\"position: relative;\"><div class=\"startflow-icon icon-1073367407 custom custom\"  data-icon=\"#ffffff\" data-background=\"\" data-border=\"#ffffff\">\r\n\t\t\t\t<span class=\"icon\" style=\"font-size:40px;width:60px;height:60px;border-style:solid;border-width:1px;\"><i class=\"elegant-icon_documents_alt\"><\/i><\/span>\r\n\t\t\t<\/div> <h6 class=\"heading  white\" style=\"color:#ffffff;\">\r\n\t\t\t<span>Pliego de solicitudes 2017 radicado Personer\u00eda<\/span>\r\n\t\t<\/h6><div class=\"url-wrap\" style=\"\">\r\n\t\t\t<a target=\"_blank\" class=\"startflow-button big btn-318128299 custom custom outline solid custom\" href=\"http:\/\/sindeperbo.com\/wp-content\/uploads\/2021\/06\/Pliego-de-solicitudes-2017-radicado-Personeria.pdf\" style=\"border-width:1px;\"  data-background=\"\" data-text=\"#ffffff\" data-border=\"#ffffff\" data-text-hover=\"#ffffff\" data-border-hover=\"#ffffff\">Ver archivo<\/a>\r\n\t\t<\/div> <\/div><\/div>[\/vc_column_inner][\/vc_row_inner]\r\n\t<div class=\"startflow-spacer clearfix\" data-desktop=\"50\" data-mobi=\"50\" data-smobi=\"50\"><\/div>[\/vc_column][\/vc_row][vc_row el_id=\u00bbfirst-row\u00bb][vc_column]\r\n\t<div class=\"startflow-spacer clearfix\" data-desktop=\"50\" data-mobi=\"50\" data-smobi=\"50\"><\/div><div class=\"startflow-single-heading clearfix text-center\" style=\"margin-bottom:20px;\"><span class=\"inner\"><span class=\"heading clearfix \" style=\"color:#930202;font-size:20px;\">\r\n\t\tSINDEPERBO\r\n\t<\/span><\/span><\/div><div class=\"startflow-headings clearfix text-center\"  style=\"\"><h2 class=\"heading clearfix \" style=\"color:#000000;margin-bottom:12px;\">\r\n\t\tAcuerdos\r\n\t<\/h2><\/div>[vc_column_text]<\/p>\n<p style=\"text-align: center;\">A continuaci\u00f3n los acuerdos laborales sindicales que ha suscrito SINDEPERBO con la Personer\u00eda de Bogot\u00e1 D.C.:<\/p>\n<p>[\/vc_column_text]\r\n\t<div class=\"startflow-spacer clearfix\" data-desktop=\"20\" data-mobi=\"20\" data-smobi=\"20\"><\/div>[vc_separator color=\u00bbblack\u00bb style=\u00bbdashed\u00bb el_width=\u00bb70&#8243;]\r\n\t<div class=\"startflow-spacer clearfix\" data-desktop=\"40\" data-mobi=\"40\" data-smobi=\"40\"><\/div>[vc_row_inner][vc_column_inner width=\u00bb1\/3&#8243;]<div class=\"startflow-icon-box clearfix icon-top align-center  simple\" style=\"\" ><div class=\"wrap-inner\" style=\"position: relative;\"><div class=\"startflow-icon icon-1045262712 custom custom\"  data-icon=\"#000000\" data-background=\"\" data-border=\"#000000\">\r\n\t\t\t\t<span class=\"icon\" style=\"font-size:40px;width:60px;height:60px;border-style:solid;border-width:1px;\"><i class=\"elegant-icon_documents_alt\"><\/i><\/span>\r\n\t\t\t<\/div> <h6 class=\"heading \" style=\"color:#000000;\">\r\n\t\t\t<span>2024 abril 05. Oficio + Pliego unificado con soportes<\/span>\r\n\t\t<\/h6><div class=\"desc\" style=\"\"><p>2024 Pliego de solicitudes unificado SINDEPERBO, ASOPERSONERIAS y SIPERSOBOGOTA, en proceso de negociaci\u00f3n.<\/p>\n<\/div><div class=\"url-wrap\" style=\"\">\r\n\t\t\t<a target=\"_blank\" class=\"startflow-button big btn-1572115164 custom custom outline solid custom\" href=\"https:\/\/sindeperbo.com\/wp-content\/uploads\/2024\/06\/3.-2024-abril-05.-Oficio-Pliego-unificado-con-soportes.pdf\" style=\"border-width:1px;\"  data-background=\"\" data-text=\"\" data-border=\"\">Ver acuerdo<\/a>\r\n\t\t<\/div> <\/div><\/div>[\/vc_column_inner][vc_column_inner width=\u00bb1\/3&#8243;]<div class=\"startflow-icon-box clearfix icon-top align-center  simple\" style=\"\" ><div class=\"wrap-inner\" style=\"position: relative;\"><div class=\"startflow-icon icon-818183278 custom custom\"  data-icon=\"#000000\" data-background=\"\" data-border=\"#000000\">\r\n\t\t\t\t<span class=\"icon\" style=\"font-size:40px;width:60px;height:60px;border-style:solid;border-width:1px;\"><i class=\"elegant-icon_documents_alt\"><\/i><\/span>\r\n\t\t\t<\/div> <h6 class=\"heading \" style=\"color:#000000;\">\r\n\t\t\t<span>2022 noviembre. Acuerdo laboral 2022<\/span>\r\n\t\t<\/h6><div class=\"desc\" style=\"\"><p>Acuerdo Laboral entre SINDEPERBO, SIPERSOBOGOT\u00c1 y la Personer\u00eda de Bogot\u00e1 D.C. Suscrito el 21 de noviembre de 2022 y \u00e9l cual tienen vigencia hasta el 31 de diciembre de 2023.<\/p>\n<\/div><div class=\"url-wrap\" style=\"\">\r\n\t\t\t<a target=\"_blank\" class=\"startflow-button big btn-1162015416 custom custom outline solid custom\" href=\"https:\/\/sindeperbo.com\/wp-content\/uploads\/2024\/06\/2.-2022-noviembre.-Acuerdo-laboral-2022.pdf\" style=\"border-width:1px;\"  data-background=\"\" data-text=\"\" data-border=\"\">Ver acuerdo<\/a>\r\n\t\t<\/div> <\/div><\/div>[\/vc_column_inner][vc_column_inner width=\u00bb1\/3&#8243;]<div class=\"startflow-icon-box clearfix icon-top align-center  simple\" style=\"\" ><div class=\"wrap-inner\" style=\"position: relative;\"><div class=\"startflow-icon icon-1089916735 custom custom\"  data-icon=\"#000000\" data-background=\"\" data-border=\"#000000\">\r\n\t\t\t\t<span class=\"icon\" style=\"font-size:40px;width:60px;height:60px;border-style:solid;border-width:1px;\"><i class=\"elegant-icon_documents_alt\"><\/i><\/span>\r\n\t\t\t<\/div> <h6 class=\"heading \" style=\"color:#000000;\">\r\n\t\t\t<span>Acuerdo Laboral 2020-2021<\/span>\r\n\t\t<\/h6><div class=\"desc\" style=\"\"><p>Acuerdo Laboral Colectivo 2020 suscrito entre la Personer\u00eda de Bogot\u00e1 y las Organizaciones Sindicales ASOPERSONER\u00cdAS, SINDEPERBPO Y SIPERSOBOGOT\u00c1<\/p>\n<\/div><div class=\"url-wrap\" style=\"\">\r\n\t\t\t<a target=\"_blank\" class=\"startflow-button big btn-1033461072 custom custom outline solid custom\" href=\"https:\/\/sindeperbo.com\/wp-content\/uploads\/2024\/06\/1.-2021-junio-25.-Acuerdo-Laboral-2020-2021-con-SINDEPERBO.pdf\" style=\"border-width:1px;\"  data-background=\"\" data-text=\"\" data-border=\"\">Ver acuerdo<\/a>\r\n\t\t<\/div> <\/div><\/div>[\/vc_column_inner][\/vc_row_inner]\r\n\t<div class=\"startflow-spacer clearfix\" data-desktop=\"40\" data-mobi=\"40\" data-smobi=\"40\"><\/div>[vc_row_inner][vc_column_inner width=\u00bb1\/3&#8243;]<div class=\"startflow-icon-box clearfix icon-top align-center  simple\" style=\"\" ><div class=\"wrap-inner\" style=\"position: relative;\"><div class=\"startflow-icon icon-1593105599 custom custom\"  data-icon=\"#000000\" data-background=\"\" data-border=\"#000000\">\r\n\t\t\t\t<span class=\"icon\" style=\"font-size:40px;width:60px;height:60px;border-style:solid;border-width:1px;\"><i class=\"elegant-icon_documents_alt\"><\/i><\/span>\r\n\t\t\t<\/div> <h6 class=\"heading \" style=\"color:#000000;\">\r\n\t\t\t<span>ACUERDO LABORAL 2017<\/span>\r\n\t\t<\/h6><div class=\"url-wrap\" style=\"\">\r\n\t\t\t<a target=\"_blank\" class=\"startflow-button big btn-965328226 custom custom outline solid custom\" href=\"http:\/\/sindeperbo.com\/wp-content\/uploads\/2021\/05\/ACUERDO-SINDEPERBO-PERSONERIA-2017.pdf\" style=\"border-width:1px;\"  data-background=\"\" data-text=\"\" data-border=\"\">Ver acuerdo<\/a>\r\n\t\t<\/div> <\/div><\/div>[\/vc_column_inner][vc_column_inner width=\u00bb1\/3&#8243;]<div class=\"startflow-icon-box clearfix icon-top align-center  simple\" style=\"\" ><div class=\"wrap-inner\" style=\"position: relative;\"><div class=\"startflow-icon icon-6664259 custom custom\"  data-icon=\"#000000\" data-background=\"\" data-border=\"#000000\">\r\n\t\t\t\t<span class=\"icon\" style=\"font-size:40px;width:60px;height:60px;border-style:solid;border-width:1px;\"><i class=\"elegant-icon_documents_alt\"><\/i><\/span>\r\n\t\t\t<\/div> <h6 class=\"heading \" style=\"color:#000000;\">\r\n\t\t\t<span>PLIEGO 2021 SINDEPERBO<\/span>\r\n\t\t<\/h6><div class=\"url-wrap\" style=\"\">\r\n\t\t\t<a target=\"_blank\" class=\"startflow-button big btn-91386739 custom custom outline solid custom\" href=\"http:\/\/sindeperbo.com\/wp-content\/uploads\/2021\/06\/PLIEGO-2021-SINDEPERBO.pdf\" style=\"border-width:1px;\"  data-background=\"\" data-text=\"\" data-border=\"\">Ver archivo<\/a>\r\n\t\t<\/div> <\/div><\/div>[\/vc_column_inner][vc_column_inner width=\u00bb1\/3&#8243;]<div class=\"startflow-icon-box clearfix icon-top align-center  simple\" style=\"\" ><div class=\"wrap-inner\" style=\"position: relative;\"><div class=\"startflow-icon icon-187750840 custom custom\"  data-icon=\"#000000\" data-background=\"\" data-border=\"#000000\">\r\n\t\t\t\t<span class=\"icon\" style=\"font-size:40px;width:60px;height:60px;border-style:solid;border-width:1px;\"><i class=\"elegant-icon_documents_alt\"><\/i><\/span>\r\n\t\t\t<\/div> <h6 class=\"heading \" style=\"color:#000000;\">\r\n\t\t\t<span>2021 junio 25. Resultados mesa de negociaci\u00f3n sindical SINDEPERBO 2020-2021<\/span>\r\n\t\t<\/h6><div class=\"url-wrap\" style=\"\">\r\n\t\t\t<a target=\"_blank\" class=\"startflow-button big btn-1074220603 custom custom outline solid custom\" href=\"http:\/\/sindeperbo.com\/wp-content\/uploads\/2021\/06\/2021-junio-25.-Resultados-mesa-de-negociacion-sindical-SINDEPERBO-2020-2021-1.pdf\" style=\"border-width:1px;\"  data-background=\"\" data-text=\"\" data-border=\"\">Ver presentaci\u00f3n<\/a>\r\n\t\t<\/div> <\/div><\/div>[\/vc_column_inner][\/vc_row_inner]\r\n\t<div class=\"startflow-spacer clearfix\" data-desktop=\"40\" data-mobi=\"40\" data-smobi=\"40\"><\/div>[vc_row_inner][vc_column_inner width=\u00bb1\/3&#8243;]<div class=\"startflow-icon-box clearfix icon-top align-center  simple\" style=\"\" ><div class=\"wrap-inner\" style=\"position: relative;\"><div class=\"startflow-icon icon-1064518472 custom custom\"  data-icon=\"#000000\" data-background=\"\" data-border=\"#000000\">\r\n\t\t\t\t<span class=\"icon\" style=\"font-size:40px;width:60px;height:60px;border-style:solid;border-width:1px;\"><i class=\"elegant-icon_documents_alt\"><\/i><\/span>\r\n\t\t\t<\/div> <h6 class=\"heading \" style=\"color:#000000;\">\r\n\t\t\t<span>2021 junio 25. Acta de acuerdos y desacuerdos SINDEPERBO 2020-2021<\/span>\r\n\t\t<\/h6><div class=\"url-wrap\" style=\"\">\r\n\t\t\t<a target=\"_blank\" class=\"startflow-button big btn-939042428 custom custom outline solid custom\" href=\"http:\/\/sindeperbo.com\/wp-content\/uploads\/2021\/06\/2021-junio-25.-Acta-de-acuerdos-y-desacuerdos-SINDEPERBO-2020-2021.pdf\" style=\"border-width:1px;\"  data-background=\"\" data-text=\"\" data-border=\"\">Ver archivo<\/a>\r\n\t\t<\/div> <\/div><\/div>[\/vc_column_inner][vc_column_inner width=\u00bb1\/3&#8243;]<div class=\"startflow-icon-box clearfix icon-top align-center  simple\" style=\"\" ><div class=\"wrap-inner\" style=\"position: relative;\"><div class=\"startflow-icon icon-1051723950 custom custom\"  data-icon=\"#000000\" data-background=\"\" data-border=\"#000000\">\r\n\t\t\t\t<span class=\"icon\" style=\"font-size:40px;width:60px;height:60px;border-style:solid;border-width:1px;\"><i class=\"elegant-icon_documents_alt\"><\/i><\/span>\r\n\t\t\t<\/div> <h6 class=\"heading \" style=\"color:#000000;\">\r\n\t\t\t<span>2021 sep 30. Oficio a la PGN solicitando intervenci\u00f3n para que se cumpla el acuerdo<\/span>\r\n\t\t<\/h6><div class=\"url-wrap\" style=\"\">\r\n\t\t\t<a target=\"_blank\" class=\"startflow-button big btn-1876338434 custom custom outline solid custom\" href=\"http:\/\/sindeperbo.com\/wp-content\/uploads\/2021\/10\/2021-sep-30.-Oficio-a-la-PGN-solicitando-intervencion-para-que-se-cumpla-el-acuerdo.pdf\" style=\"border-width:1px;\"  data-background=\"\" data-text=\"\" data-border=\"\">Ver acuerdo<\/a>\r\n\t\t<\/div> <\/div><\/div>[\/vc_column_inner][vc_column_inner width=\u00bb1\/3&#8243;]<div class=\"startflow-icon-box clearfix icon-top align-center  simple\" style=\"\" ><div class=\"wrap-inner\" style=\"position: relative;\"><div class=\"startflow-icon icon-1811403459 custom custom\"  data-icon=\"#000000\" data-background=\"\" data-border=\"#000000\">\r\n\t\t\t\t<span class=\"icon\" style=\"font-size:40px;width:60px;height:60px;border-style:solid;border-width:1px;\"><i class=\"elegant-icon_documents_alt\"><\/i><\/span>\r\n\t\t\t<\/div> <h6 class=\"heading \" style=\"color:#000000;\">\r\n\t\t\t<span>2021 sep 30. Oficio a Min Trabajo solicitando delegado para mesa de seguimiento.<\/span>\r\n\t\t<\/h6><div class=\"url-wrap\" style=\"\">\r\n\t\t\t<a target=\"_blank\" class=\"startflow-button big btn-341070918 custom custom outline solid custom\" href=\"http:\/\/sindeperbo.com\/wp-content\/uploads\/2021\/10\/2021-sep-30.-Oficio-a-Min-Trabajo-solicitando-delegado-para-mesa-de-seguimiento.pdf\" style=\"border-width:1px;\"  data-background=\"\" data-text=\"\" data-border=\"\">Ver presentaci\u00f3n<\/a>\r\n\t\t<\/div> <\/div><\/div>[\/vc_column_inner][\/vc_row_inner]\r\n\t<div class=\"startflow-spacer clearfix\" data-desktop=\"40\" data-mobi=\"40\" data-smobi=\"40\"><\/div>[vc_row_inner][vc_column_inner width=\u00bb1\/3&#8243;][\/vc_column_inner][vc_column_inner width=\u00bb1\/3&#8243;][\/vc_column_inner][vc_column_inner width=\u00bb1\/3&#8243;][\/vc_column_inner][\/vc_row_inner]\r\n\t<div class=\"startflow-spacer clearfix\" data-desktop=\"90\" data-mobi=\"50\" data-smobi=\"50\"><\/div>[\/vc_column][\/vc_row]<\/p>\n","protected":false},"excerpt":{"rendered":"<p>[vc_row css=\u00bb.vc_custom_1622767192961{padding-top: 50px !important;padding-bottom: 50px !important;background-color: #4d4d4d !important;background-position: center !important;background-repeat: no-repeat !important;background-size: cover !important;}\u00bb][vc_column][vc_separator color=\u00bbwhite\u00bb style=\u00bbdashed\u00bb el_width=\u00bb70&#8243;][vc_row_inner][vc_column_inner width=\u00bb1\/3&#8243;][\/vc_column_inner][vc_column_inner width=\u00bb1\/3&#8243;][\/vc_column_inner][vc_column_inner width=\u00bb1\/3&#8243;][\/vc_column_inner][\/vc_row_inner][vc_row_inner][vc_column_inner width=\u00bb1\/3&#8243;][\/vc_column_inner][vc_column_inner width=\u00bb1\/3&#8243;][\/vc_column_inner][vc_column_inner width=\u00bb1\/3&#8243;][\/vc_column_inner][\/vc_row_inner][\/vc_column][\/vc_row][vc_row el_id=\u00bbfirst-row\u00bb][vc_column][vc_column_text] A continuaci\u00f3n los acuerdos laborales sindicales que ha suscrito SINDEPERBO con la Personer\u00eda de Bogot\u00e1 D.C.: [\/vc_column_text][vc_separator color=\u00bbblack\u00bb style=\u00bbdashed\u00bb el_width=\u00bb70&#8243;][vc_row_inner][vc_column_inner width=\u00bb1\/3&#8243;][\/vc_column_inner][vc_column_inner width=\u00bb1\/3&#8243;][\/vc_column_inner][vc_column_inner width=\u00bb1\/3&#8243;][\/vc_column_inner][\/vc_row_inner][vc_row_inner][vc_column_inner width=\u00bb1\/3&#8243;][\/vc_column_inner][vc_column_inner width=\u00bb1\/3&#8243;][\/vc_column_inner][vc_column_inner width=\u00bb1\/3&#8243;][\/vc_column_inner][\/vc_row_inner][vc_row_inner][vc_column_inner<\/p>\n","protected":false},"author":1,"featured_media":0,"parent":0,"menu_order":0,"comment_status":"closed","ping_status":"closed","template":"","meta":{"om_disable_all_campaigns":false,"_monsterinsights_skip_tracking":false,"_monsterinsights_sitenote_active":false,"_monsterinsights_sitenote_note":"","_monsterinsights_sitenote_category":0,"footnotes":""},"class_list":["post-17378","page","type-page","status-publish","hentry"],"aioseo_notices":[],"_links":{"self":[{"href":"https:\/\/sindeperbo.com\/index.php\/wp-json\/wp\/v2\/pages\/17378","targetHints":{"allow":["GET"]}}],"collection":[{"href":"https:\/\/sindeperbo.com\/index.php\/wp-json\/wp\/v2\/pages"}],"about":[{"href":"https:\/\/sindeperbo.com\/index.php\/wp-json\/wp\/v2\/types\/page"}],"author":[{"embeddable":true,"href":"https:\/\/sindeperbo.com\/index.php\/wp-json\/wp\/v2\/users\/1"}],"replies":[{"embeddable":true,"href":"https:\/\/sindeperbo.com\/index.php\/wp-json\/wp\/v2\/comments?post=17378"}],"version-history":[{"count":30,"href":"https:\/\/sindeperbo.com\/index.php\/wp-json\/wp\/v2\/pages\/17378\/revisions"}],"predecessor-version":[{"id":17998,"href":"https:\/\/sindeperbo.com\/index.php\/wp-json\/wp\/v2\/pages\/17378\/revisions\/17998"}],"wp:attachment":[{"href":"https:\/\/sindeperbo.com\/index.php\/wp-json\/wp\/v2\/media?parent=17378"}],"curies":[{"name":"wp","href":"https:\/\/api.w.org\/{rel}","templated":true}]}}