{"id":17466,"date":"2021-06-09T16:50:19","date_gmt":"2021-06-09T16:50:19","guid":{"rendered":"http:\/\/evivousa.com\/sinder\/?page_id=17466"},"modified":"2026-04-06T07:30:50","modified_gmt":"2026-04-06T07:30:50","slug":"comunicados","status":"publish","type":"page","link":"https:\/\/sindeperbo.com\/index.php\/comunicados\/","title":{"rendered":"comunicados"},"content":{"rendered":"\n<div class=\"startflow-single-heading clearfix \u00bbtext-center\u00bb\" style=\"\"><span class=\"inner\"><span class=\"heading clearfix \" style=\"color:\u00bb#930202\u2033;\">\r\n\t\t\u00bbSINDEPERBO\u00bb\r\n\t<\/span><\/span><\/div><div class=\"startflow-headings clearfix text-center\"  style=\"\"><h2 class=\"heading clearfix \" style=\"color:\u00bb#000000\u2033;\">\r\n\t\t\u00bbComunicados\u00bb\r\n\t<\/h2><\/div>\r\n\t<div class=\"startflow-spacer clearfix\" data-desktop=\"0\" data-mobi=\"0\" data-smobi=\"0\"><\/div> \r\n\t<div class=\"startflow-spacer clearfix\" data-desktop=\"0\" data-mobi=\"0\" data-smobi=\"0\"><\/div><div class=\"\"><a class=\"startflow-links link-style-1\" href=\"\u00bbhttps:\/\/sindeperbo.com\/wp-content\/uploads\/2024\/11\/2024-oct-31.-Comentarios-y-observaciones-al-rediseno-SINDEPERBO.pdf\u00bb\" style=\"color:\u00bb#1fa1d1\u2033;\" >\r\n\t\t\t<span class=\"text\" style=\"\">Comentarios y observaciones al redise\u00f1o SINDEPERBO<\/span> \r\n\t\t<\/a><\/div> <div class=\"\"><a class=\"startflow-links link-style-1\" href=\"\u00bbhttps:\/\/sindeperbo.com\/wp-content\/uploads\/2024\/03\/2024-marzo-04.-Carta-al-Concejo-SINDEPERBO-Eleccion-Personero-a-completo.pdf\u00bb\" style=\"color:\u00bb#1fa1d1\u2033;\" >\r\n\t\t\t<span class=\"text\" style=\"\">Carta al Concejo de Bogot\u00e1, concurso de m\u00e9ritos Personero(a) 2024-2028<\/span> \r\n\t\t<\/a><\/div><div class=\"\"><a class=\"startflow-links link-style-1\" href=\"\u00bbhttp:\/\/sindeperbo.com.co\/wp-content\/uploads\/2022\/09\/2022-agosto-23.-Concepto-DASCD-sobre-1er-estudio-de-encargos.pdf\u00bb\" style=\"color:\u00bb#1fa1d1\u2033;\" >\r\n\t\t\t<span class=\"text\" style=\"\">2022 agosto 23. Concepto DASCD sobre 1er estudio de encargos<\/span> \r\n\t\t<\/a><\/div><div class=\"\"><a class=\"startflow-links link-style-1\" href=\"\u00bbhttp:\/\/sindeperbo.com.co\/wp-content\/uploads\/2022\/09\/2022-agosto-19.-Solicitud-concepto-al-DAFP-relacionado-con-gastos-de-representacion.pdf\u00bb\" style=\"color:\u00bb#1fa1d1\u2033;\" >\r\n\t\t\t<span class=\"text\" style=\"\">2022 agosto 19. Solicitud concepto al DAFP relacionado con gastos de representaci\u00f3n<\/span> \r\n\t\t<\/a><\/div><div class=\"\"><a class=\"startflow-links link-style-1\" href=\"\u00bbhttp:\/\/sindeperbo.com.co\/wp-content\/uploads\/2022\/09\/2022-agosto-05.-Respuesta-Comision-de-Personal-sobre-1er-estudio-de-encargos.pdf\u00bb\" style=\"color:\u00bb#1fa1d1\u2033;\" >\r\n\t\t\t<span class=\"text\" style=\"\">2022 agosto 05. Respuesta Comisi\u00f3n de Personal sobre 1er estudio de encargos<\/span> \r\n\t\t<\/a><\/div><div class=\"\"><a class=\"startflow-links link-style-1\" href=\"\u00bbhttp:\/\/sindeperbo.com.co\/wp-content\/uploads\/2022\/09\/2022-junio-23.-Comentarios-al-Plan-de-Bienestar-2022.pdf\u00bb\" style=\"color:\u00bb#1fa1d1\u2033;\" >\r\n\t\t\t<span class=\"text\" style=\"\">2022 junio 23. Comentarios al Plan de Bienestar 2022<\/span> \r\n\t\t<\/a><\/div><div class=\"\"><a class=\"startflow-links link-style-1\" href=\"\u00bbhttp:\/\/sindeperbo.com.co\/wp-content\/uploads\/2022\/09\/2022-junio-09.-Respuesta-Administracion-sobre-vacantes-anexo.pdf\u00bb\" style=\"color:\u00bb#1fa1d1\u2033;\" >\r\n\t\t\t<span class=\"text\" style=\"\">2022 junio 09. Respuesta Administraci\u00f3n sobre vacantes anexo<\/span> \r\n\t\t<\/a><\/div><div class=\"\"><a class=\"startflow-links link-style-1\" href=\"\u00bbhttp:\/\/sindeperbo.com.co\/wp-content\/uploads\/2022\/09\/2022-junio-09.-Respuesta-Administracion-sobre-vacantes.pdf\u00bb\" style=\"color:\u00bb#1fa1d1\u2033;\" >\r\n\t\t\t<span class=\"text\" style=\"\">2022 junio 09. Respuesta Administraci\u00f3n sobre vacantes<\/span> \r\n\t\t<\/a><\/div><div class=\"\"><a class=\"startflow-links link-style-1\" href=\"\u00bbhttp:\/\/sindeperbo.com.co\/wp-content\/uploads\/2022\/09\/2022-febrero-22.-Respuesta-sobre-Plan-de-bienestar-2022.pdf\u00bb\" style=\"color:\u00bb#1fa1d1\u2033;\" >\r\n\t\t\t<span class=\"text\" style=\"\">2022 febrero 22. Respuesta sobre Plan de bienestar 2022<\/span> \r\n\t\t<\/a><\/div><div class=\"\"><a class=\"startflow-links link-style-1\" href=\"\u00bbhttps:\/\/sindeperbo.com.co\/wp-content\/uploads\/2021\/08\/2021-agosto-11.-Oficio-SINDEPERBO-al-Personero-en-relacion-con-retorno-presencial.pdf\u00bb\" style=\"color:\u00bb#1fa1d1\u2033;\" >\r\n\t\t\t<span class=\"text\" style=\"\">2022 Febrero 07. DP Sugerencias SINDEPERBO Olimpiadas \u2013 Carreras Atl\u00e9ticas<\/span> \r\n\t\t<\/a><\/div><div class=\"\"><a class=\"startflow-links link-style-1\" href=\"\u00bbhttps:\/\/sindeperbo.com.co\/wp-content\/uploads\/2022\/02\/2022-febrero-18.-Queja-contra-Jefe-OAC-SINDEPERBO-radicada.pdf\u00bb\" style=\"color:\u00bb#1fa1d1\u2033;\" >\r\n\t\t\t<span class=\"text\" style=\"\">2022 febrero 18. Queja contra Jefe OAC SINDEPERBO radicada<\/span> \r\n\t\t<\/a><\/div><div class=\"\"><a class=\"startflow-links link-style-1\" href=\"\u00bbhttps:\/\/sindeperbo.com.co\/wp-content\/uploads\/2021\/10\/2021-Julio-30.-Informe-de-la-Contraloria-a-la-Personeria-D.C..pdf\u00bb\" style=\"color:\u00bb#1fa1d1\u2033;\" >\r\n\t\t\t<span class=\"text\" style=\"\">2021 Julio 30. Informe de la Contralor\u00eda a la Personer\u00eda D.C.<\/span> \r\n\t\t<\/a><\/div><div class=\"\"><a class=\"startflow-links link-style-1\" href=\"\u00bbhttps:\/\/sindeperbo.com.co\/wp-content\/uploads\/2021\/08\/2021-agosto-11.-Oficio-SINDEPERBO-al-Personero-en-relacion-con-retorno-presencial.pdf\u00bb\" style=\"color:\u00bb#1fa1d1\u2033;\" >\r\n\t\t\t<span class=\"text\" style=\"\">2021 agosto \u2013 Oficio al Personero en relaci\u00f3n con retorno presencial<\/span> \r\n\t\t<\/a><\/div><div class=\"\"><a class=\"startflow-links link-style-1\" href=\"\u00bbhttps:\/\/sindeperbo.com.co\/wp-content\/uploads\/2021\/08\/2021-agosto-05.-Oficio-SINDEPERBO-al-Personero-solicitando-seguimiento-acuerdo-laboral-2020.pdf\u00bb\" style=\"color:\u00bb#1fa1d1\u2033;\" >\r\n\t\t\t<span class=\"text\" style=\"\">2021 Agosto \u2013 Oficio al Personero solicitando seguimiento acuerdo laboral 2020<\/span> \r\n\t\t<\/a><\/div><div class=\"\"><a class=\"startflow-links link-style-1\" href=\"\u00bbhttps:\/\/sindeperbo.com.co\/wp-content\/uploads\/2021\/08\/2021-agosto-05.-Oficio-SINDEPERBO-al-Personero-solicitando-info-temas-varios.pdf\u00bb\" style=\"color:\u00bb#1fa1d1\u2033;\" >\r\n\t\t\t<span class=\"text\" style=\"\">2021 Agosto \u2013 Oficio al Personero solicitando info temas varios<\/span> \r\n\t\t<\/a><\/div><div class=\"\"><a class=\"startflow-links link-style-1\" href=\"\u00bbhttps:\/\/sindeperbo.com.co\/wp-content\/uploads\/2021\/08\/2021-agosto-05.-Oficio-SINDEPERBO-al-Personero-sobre-EDL.pdf\u00bb\" style=\"color:\u00bb#1fa1d1\u2033;\" >\r\n\t\t\t<span class=\"text\" style=\"\">2021 agosto \u2013 Oficio al Personero sobre EDL<\/span> \r\n\t\t<\/a><\/div><div class=\"\"><a class=\"startflow-links link-style-1\" href=\"\u00bbhttps:\/\/sindeperbo.com.co\/wp-content\/uploads\/2021\/06\/04-junio-2020-oficio-Personera-a-SINDEPERBO-sobre-provision-de-empleos.pdf\u00bb\" style=\"color:\u00bb#1fa1d1\u2033;\" >\r\n\t\t\t<span class=\"text\" style=\"\">04 junio 2020 oficio Personera a SINDEPERBO sobre provisi\u00f3n de empleos<\/span> \r\n\t\t<\/a><\/div><div class=\"\"><a class=\"startflow-links link-style-1\" href=\"\u00bbhttps:\/\/sindeperbo.com.co\/wp-content\/uploads\/2021\/06\/2021-abril-22.-Oficio-al-Personero-sobre-COVID-y-Sobrecarga-laboral.pdf\u00bb\" style=\"color:\u00bb#1fa1d1\u2033;\" >\r\n\t\t\t<span class=\"text\" style=\"\">2021 abril 22. Oficio al Personero sobre COVID y Sobrecarga laboral<\/span> \r\n\t\t<\/a><\/div><div class=\"\"><a class=\"startflow-links link-style-1\" href=\"\u00bbhttps:\/\/sindeperbo.com.co\/wp-content\/uploads\/2021\/06\/2021-abril-22.-Respuesta-admon-temas-varios-negociacion.pdf\u00bb\" style=\"color:\u00bb#1fa1d1\u2033;\" >\r\n\t\t\t<span class=\"text\" style=\"\">2021 abril 22. Respuesta adm\u00f3n temas varios negociaci\u00f3n<\/span> \r\n\t\t<\/a><\/div><div class=\"\"><a class=\"startflow-links link-style-1\" href=\"\u00bbhttps:\/\/sindeperbo.com.co\/wp-content\/uploads\/2021\/06\/31-agosto-2020-respuesta-TTHH-peticion-SINDEPERBO-sobre-cubrir-pago-servicios.pdf\u00bb\" style=\"color:\u00bb#1fa1d1\u2033;\" >\r\n\t\t\t<span class=\"text\" style=\"\">31 agosto 2020 respuesta TTHH petici\u00f3n SINDEPERBO sobre cubrir pago servicios<\/span> \r\n\t\t<\/a><\/div><div class=\"\"><a class=\"startflow-links link-style-1\" href=\"\u00bbhttps:\/\/sindeperbo.com.co\/wp-content\/uploads\/2021\/06\/08-feb-2020-respuesta-a-la-solicitud-del-13-enero-2020-13-solicitudes.pdf\u00bb\" style=\"color:\u00bb#1fa1d1\u2033;\" >\r\n\t\t\t<span class=\"text\" style=\"\">08 feb 2020 respuesta a la solicitud del 13 enero 2020 13 solicitudes<\/span> \r\n\t\t<\/a><\/div><div class=\"\"><a class=\"startflow-links link-style-1\" href=\"\u00bbhttps:\/\/sindeperbo.com.co\/wp-content\/uploads\/2021\/06\/24-enero-2020-rpta-TTHH-solicitando-10-dias-para-responder-13-solicitudes.pdf\u00bb\" style=\"color:\u00bb#1fa1d1\u2033;\" >\r\n\t\t\t<span class=\"text\" style=\"\">24 enero 2020 rpta TTHH solicitando 10 dias para responder 13 solicitudes<\/span> \r\n\t\t<\/a><\/div>\r\n\t<div class=\"startflow-spacer clearfix\" data-desktop=\"0\" data-mobi=\"0\" data-smobi=\"0\"><\/div>\n","protected":false},"excerpt":{"rendered":"\u00bbSINDEPERBO\u00bb \u00bbComunicados\u00bb Comentarios y observaciones al redise\u00f1o SINDEPERBO Carta al Concejo de Bogot\u00e1, concurso de m\u00e9ritos Personero(a) 2024-2028 2022 agosto 23. Concepto DASCD sobre 1er estudio de encargos 2022 agosto 19. Solicitud concepto al DAFP relacionado con gastos de representaci\u00f3n 2022 agosto 05. Respuesta Comisi\u00f3n de Personal sobre 1er estudio","protected":false},"author":1,"featured_media":0,"parent":0,"menu_order":0,"comment_status":"closed","ping_status":"closed","template":"","meta":{"om_disable_all_campaigns":false,"_monsterinsights_skip_tracking":false,"_monsterinsights_sitenote_active":false,"_monsterinsights_sitenote_note":"","_monsterinsights_sitenote_category":0,"footnotes":""},"class_list":["post-17466","page","type-page","status-publish","hentry"],"aioseo_notices":[],"_links":{"self":[{"href":"https:\/\/sindeperbo.com\/index.php\/wp-json\/wp\/v2\/pages\/17466","targetHints":{"allow":["GET"]}}],"collection":[{"href":"https:\/\/sindeperbo.com\/index.php\/wp-json\/wp\/v2\/pages"}],"about":[{"href":"https:\/\/sindeperbo.com\/index.php\/wp-json\/wp\/v2\/types\/page"}],"author":[{"embeddable":true,"href":"https:\/\/sindeperbo.com\/index.php\/wp-json\/wp\/v2\/users\/1"}],"replies":[{"embeddable":true,"href":"https:\/\/sindeperbo.com\/index.php\/wp-json\/wp\/v2\/comments?post=17466"}],"version-history":[{"count":29,"href":"https:\/\/sindeperbo.com\/index.php\/wp-json\/wp\/v2\/pages\/17466\/revisions"}],"predecessor-version":[{"id":18324,"href":"https:\/\/sindeperbo.com\/index.php\/wp-json\/wp\/v2\/pages\/17466\/revisions\/18324"}],"wp:attachment":[{"href":"https:\/\/sindeperbo.com\/index.php\/wp-json\/wp\/v2\/media?parent=17466"}],"curies":[{"name":"wp","href":"https:\/\/api.w.org\/{rel}","templated":true}]}}