{"id":17483,"date":"2021-06-09T21:41:28","date_gmt":"2021-06-09T21:41:28","guid":{"rendered":"http:\/\/evivousa.com\/sinder\/?page_id=17483"},"modified":"2026-04-06T07:01:23","modified_gmt":"2026-04-06T07:01:23","slug":"cursos","status":"publish","type":"page","link":"https:\/\/sindeperbo.com\/index.php\/cursos\/","title":{"rendered":"cursos"},"content":{"rendered":"<p>[vc_row][vc_column width=\u00bb1\/2&#8243;][vc_single_image image=\u00bb17936&#8243;][\/vc_column][vc_column width=\u00bb1\/2&#8243;][vc_column_text]Curso \u00abGesti\u00f3n p\u00fablica con \u00e9nfasis en los concurso de la CNSC\u00bb para afiliados-as de SINDEPERBO.<\/p>\n<p><a href=\"https:\/\/sindeperbo.com\/wp-content\/uploads\/2024\/06\/2024-junio-21.-Informacion-sobre-Convocatoria-D6-gcr.pdf\">Conoce mas del curso aqu\u00ed<\/a>[\/vc_column_text][\/vc_column][\/vc_row][vc_row][vc_column width=\u00bb1\/2&#8243;][vc_single_image image=\u00bb17486&#8243;][\/vc_column][vc_column width=\u00bb1\/2&#8243;][vc_column_text]<\/p>\n<div style=\"text-align: justify;\">\n<p>SINDEPERBO se permite informar que en el mes de abril del 2021, se adelanto el curso virtual de preparaci\u00f3n para la participaci\u00f3n exitosa de la Convocatoria Distrital No. 4 (convocatorias 1462 a 1492 y 1546 de 2020), realizado con el docente capacitador Dr. JULIAN SAENZ SANTAMARIA <a href=\"https:\/\/ganarconvocatoriascnsc.com\/\">https:\/\/ganarconvocatoriascnsc.com\/<\/a>.<\/p>\n<p>Logr\u00e1ndose una exitosa participaci\u00f3n de nuestros afiliados, familiares y funcionarios de la entidad, quienes se prepararon para acceder a los cargos ofertados, as\u00ed como a los de ascenso en la Personer\u00eda de Bogot\u00e1.<\/p>\n<\/div>\n<p>[\/vc_column_text][\/vc_column][\/vc_row]<\/p>\n","protected":false},"excerpt":{"rendered":"<p>[vc_row][vc_column width=\u00bb1\/2&#8243;][vc_single_image image=\u00bb17936&#8243;][\/vc_column][vc_column width=\u00bb1\/2&#8243;][vc_column_text]Curso \u00abGesti\u00f3n p\u00fablica con \u00e9nfasis en los concurso de la CNSC\u00bb para afiliados-as de SINDEPERBO. Conoce mas del curso aqu\u00ed[\/vc_column_text][\/vc_column][\/vc_row][vc_row][vc_column width=\u00bb1\/2&#8243;][vc_single_image image=\u00bb17486&#8243;][\/vc_column][vc_column width=\u00bb1\/2&#8243;][vc_column_text] SINDEPERBO se permite informar que en el mes de abril del 2021, se adelanto el curso virtual de preparaci\u00f3n para la participaci\u00f3n exitosa de<\/p>\n","protected":false},"author":1,"featured_media":0,"parent":0,"menu_order":0,"comment_status":"closed","ping_status":"closed","template":"","meta":{"om_disable_all_campaigns":false,"_monsterinsights_skip_tracking":false,"_monsterinsights_sitenote_active":false,"_monsterinsights_sitenote_note":"","_monsterinsights_sitenote_category":0,"footnotes":""},"class_list":["post-17483","page","type-page","status-publish","hentry"],"aioseo_notices":[],"_links":{"self":[{"href":"https:\/\/sindeperbo.com\/index.php\/wp-json\/wp\/v2\/pages\/17483","targetHints":{"allow":["GET"]}}],"collection":[{"href":"https:\/\/sindeperbo.com\/index.php\/wp-json\/wp\/v2\/pages"}],"about":[{"href":"https:\/\/sindeperbo.com\/index.php\/wp-json\/wp\/v2\/types\/page"}],"author":[{"embeddable":true,"href":"https:\/\/sindeperbo.com\/index.php\/wp-json\/wp\/v2\/users\/1"}],"replies":[{"embeddable":true,"href":"https:\/\/sindeperbo.com\/index.php\/wp-json\/wp\/v2\/comments?post=17483"}],"version-history":[{"count":6,"href":"https:\/\/sindeperbo.com\/index.php\/wp-json\/wp\/v2\/pages\/17483\/revisions"}],"predecessor-version":[{"id":18317,"href":"https:\/\/sindeperbo.com\/index.php\/wp-json\/wp\/v2\/pages\/17483\/revisions\/18317"}],"wp:attachment":[{"href":"https:\/\/sindeperbo.com\/index.php\/wp-json\/wp\/v2\/media?parent=17483"}],"curies":[{"name":"wp","href":"https:\/\/api.w.org\/{rel}","templated":true}]}}