{"id":17504,"date":"2021-06-15T19:44:56","date_gmt":"2021-06-15T19:44:56","guid":{"rendered":"http:\/\/evivousa.com\/sinder\/?page_id=17504"},"modified":"2024-06-28T15:12:28","modified_gmt":"2024-06-28T15:12:28","slug":"clasificados","status":"publish","type":"page","link":"https:\/\/sindeperbo.com\/index.php\/clasificados\/","title":{"rendered":"Clasificados"},"content":{"rendered":"<p>[vc_row css=\u00bb.vc_custom_1623787873728{padding-bottom: 50px !important;}\u00bb][vc_column][vc_custom_heading text=\u00bbClasificados\u00bb font_container=\u00bbtag:h1|text_align:center|color:%23000000&#8243; use_theme_fonts=\u00bbyes\u00bb]\r\n\t<div class=\"startflow-spacer clearfix\" data-desktop=\"20\" data-mobi=\"20\" data-smobi=\"20\"><\/div><div class=\"startflow-divider divider-center divider-solid\" style=\"border-top-color:#930202;\"><\/div><div class=\"clearfix\"><\/div>\r\n\t<div class=\"startflow-spacer clearfix\" data-desktop=\"20\" data-mobi=\"20\" data-smobi=\"20\"><\/div>[vc_single_image image=\u00bb17534&#8243; alignment=\u00bbcenter\u00bb][vc_column_text]<\/p>\n<div style=\"text-align: justify;\">\n<div>En SINDEPERBO estamos convencidos que debemos apoyar el peque\u00f1o emprendimiento, por ello en esta secci\u00f3n encontrar\u00e1s MYPIMES localizadas en Bogot\u00e1 que te ofrecer\u00e1n productos y servicios variados y de esa manera ayudarnos entre todos durante tiempos de crisis.<\/div>\n<div><\/div>\n<div>\u00ab<i>Las peque\u00f1as empresas son importantes para el tejido econ\u00f3mico y social de nuestra sociedad y todos participamos en su supervivencia\u00bb<\/i><\/div>\n<\/div>\n<p>[\/vc_column_text][\/vc_column][\/vc_row][vc_row css=\u00bb.vc_custom_1623787866321{padding-bottom: 60px !important;}\u00bb][vc_column width=\u00bb1\/4&#8243;][vc_single_image image=\u00bb17928&#8243;][\/vc_column][vc_column width=\u00bb3\/4&#8243;][vc_column_text]<span>En MAGICAE, creemos en la magia de la autoexpresi\u00f3n y la confianza femenina. Nos esforzamos por crear prendas de lencer\u00eda que no solo realzan la belleza f\u00edsica de las mujeres, sino que tambi\u00e9n las empodera, haci\u00e9ndolas sentir c\u00f3modas, seguras y poderosas en su propia piel. Nuestro objetivo principal es que cada mujer que use nuestras prendas se mire al espejo con amor, aceptaci\u00f3n y sinti\u00e9ndose verdaderamente m\u00e1gica.<\/span><\/p>\n<p><a href=\"https:\/\/www.instagram.com\/magicae_colombia\">https:\/\/www.instagram.com\/magicae_colombia<\/a><\/p>\n<p><a href=\"https:\/\/www.tiktok.com\/@magicae_colombia\">https:\/\/www.tiktok.com\/@magicae_colombia<\/a>[\/vc_column_text][\/vc_column][\/vc_row][vc_row css=\u00bb.vc_custom_1623787866321{padding-bottom: 60px !important;}\u00bb][vc_column width=\u00bb1\/4&#8243;][vc_single_image image=\u00bb17925&#8243;][\/vc_column][vc_column width=\u00bb3\/4&#8243;][vc_column_text]<span>Lassie Tienda Virtual.<\/span><span>\u00a0Tu destino en l\u00ednea para encontrar los mejores productos de Tupperware. Ofrecemos una amplia gama de soluciones pr\u00e1cticas y elegantes para el almacenamiento, preparaci\u00f3n y porte de alimentos. Descubre nuestra selecci\u00f3n de recipientes herm\u00e9ticos, utensilios de cocina y m\u00e1s, todo dise\u00f1ado para hacer tu vida m\u00e1s f\u00e1cil y sostenible. Con env\u00edos a todo Colombia, \u00a1Lassie Tienda Virtual te trae calidad y conveniencia directamente a tu puerta!\u00a0<\/span><\/p>\n<p><a href=\"https:\/\/www.instagram.com\/lassie_tiendavirtual\">https:\/\/www.instagram.com\/lassie_tiendavirtual<\/a><\/p>\n<p>Compra aqu\u00ed: <a href=\"https:\/\/linktr.ee\/lassietiendavirtual\">https:\/\/linktr.ee\/lassietiendavirtual<\/a>[\/vc_column_text][\/vc_column][\/vc_row][vc_row css=\u00bb.vc_custom_1623787866321{padding-bottom: 60px !important;}\u00bb][vc_column width=\u00bb1\/4&#8243;][vc_single_image image=\u00bb17509&#8243;][\/vc_column][vc_column width=\u00bb3\/4&#8243;][vc_column_text]<\/p>\n<div style=\"text-align: justify;\"><span>\u00abFabricamos art\u00edculos maravillosos que inspiran a crear espacios \u00fanicos para disfrutar en tu hogar\u00bb Al dar click en la im\u00e1gen que los lleve a la siguiente web:\u00a0<\/span><a href=\"https:\/\/www.instagram.com\/colliehomedeco\/?utm_medium=copy_link\" id=\"m_4814598001827461374LPlnk\" target=\"_blank\" data-saferedirecturl=\"https:\/\/www.google.com\/url?q=https:\/\/www.instagram.com\/colliehomedeco\/?utm_medium%3Dcopy_link&amp;source=gmail&amp;ust=1623858043097000&amp;usg=AFQjCNGCG_nmQnN8rhwiTtcqC8MIv06F5g\" rel=\"noopener\">https:\/\/www.instagram.<wbr \/>com\/colliehomedeco\/?utm_<wbr \/>medium=copy_link<\/a><span>\u00ab<\/span><\/div>\n<p>[\/vc_column_text][\/vc_column][\/vc_row][vc_row css=\u00bb.vc_custom_1623787866321{padding-bottom: 60px !important;}\u00bb][vc_column width=\u00bb1\/4&#8243;][vc_single_image image=\u00bb17507&#8243;][\/vc_column][vc_column width=\u00bb3\/4&#8243;][vc_column_text]<\/p>\n<div style=\"text-align: justify;\">\u00abSe transporta su mercanc\u00eda dentro de Bogot\u00e1 y fuera de la Ciudad, con oportunidad, seguridad y cumpliendo las medidas de bioseguridad. Contacto: correo javierpa59@hotmail.com\u00bb<\/div>\n<p>[\/vc_column_text][\/vc_column][\/vc_row][vc_row][vc_column][vc_cta h2=\u00bbClasificados\u00bb style=\u00bboutline\u00bb color=\u00bbblack\u00bb]<span><em><strong>SINDEPERBO<\/strong><\/em> brinda este espacio de manera gratuita sirviendo como enlace para la promoci\u00f3n de estos productos y servicios, pero la calidad de los mismos ser\u00e1 \u00fanicamente responsabilidad del proveedor y las condiciones que \u00e9ste pacte con el cliente.<\/span>[\/vc_cta][\/vc_column][\/vc_row]<\/p>\n","protected":false},"excerpt":{"rendered":"<p>[vc_row css=\u00bb.vc_custom_1623787873728{padding-bottom: 50px !important;}\u00bb][vc_column][vc_custom_heading text=\u00bbClasificados\u00bb font_container=\u00bbtag:h1|text_align:center|color:%23000000&#8243; use_theme_fonts=\u00bbyes\u00bb][vc_single_image image=\u00bb17534&#8243; alignment=\u00bbcenter\u00bb][vc_column_text] En SINDEPERBO estamos convencidos que debemos apoyar el peque\u00f1o emprendimiento, por ello en esta secci\u00f3n encontrar\u00e1s MYPIMES localizadas en Bogot\u00e1 que te ofrecer\u00e1n productos y servicios variados y de esa manera ayudarnos entre todos durante tiempos de crisis. \u00abLas peque\u00f1as empresas<\/p>\n","protected":false},"author":1,"featured_media":0,"parent":0,"menu_order":0,"comment_status":"closed","ping_status":"closed","template":"","meta":{"om_disable_all_campaigns":false,"_monsterinsights_skip_tracking":false,"_monsterinsights_sitenote_active":false,"_monsterinsights_sitenote_note":"","_monsterinsights_sitenote_category":0,"footnotes":""},"class_list":["post-17504","page","type-page","status-publish","hentry"],"aioseo_notices":[],"_links":{"self":[{"href":"https:\/\/sindeperbo.com\/index.php\/wp-json\/wp\/v2\/pages\/17504","targetHints":{"allow":["GET"]}}],"collection":[{"href":"https:\/\/sindeperbo.com\/index.php\/wp-json\/wp\/v2\/pages"}],"about":[{"href":"https:\/\/sindeperbo.com\/index.php\/wp-json\/wp\/v2\/types\/page"}],"author":[{"embeddable":true,"href":"https:\/\/sindeperbo.com\/index.php\/wp-json\/wp\/v2\/users\/1"}],"replies":[{"embeddable":true,"href":"https:\/\/sindeperbo.com\/index.php\/wp-json\/wp\/v2\/comments?post=17504"}],"version-history":[{"count":7,"href":"https:\/\/sindeperbo.com\/index.php\/wp-json\/wp\/v2\/pages\/17504\/revisions"}],"predecessor-version":[{"id":17506,"href":"https:\/\/sindeperbo.com\/index.php\/wp-json\/wp\/v2\/pages\/17504\/revisions\/17506"}],"wp:attachment":[{"href":"https:\/\/sindeperbo.com\/index.php\/wp-json\/wp\/v2\/media?parent=17504"}],"curies":[{"name":"wp","href":"https:\/\/api.w.org\/{rel}","templated":true}]}}