{"id":18061,"date":"2026-03-12T03:06:10","date_gmt":"2026-03-12T03:06:10","guid":{"rendered":"https:\/\/sindeperbo.com\/index.php\/home\/"},"modified":"2026-04-13T15:23:07","modified_gmt":"2026-04-13T15:23:07","slug":"home","status":"publish","type":"page","link":"https:\/\/sindeperbo.com\/","title":{"rendered":"Home"},"content":{"rendered":"\n<div class=\"wp-block-themepunch-revslider revslider\" data-modal=\"false\" data-slidertitle=\"reconocimiento afiliados\" style=\"\">\n\t\t\t<!-- START reconocimiento afiliados REVOLUTION SLIDER 6.4.6 --><p class=\"rs-p-wp-fix\"><\/p>\n\t\t\t<rs-module-wrap id=\"rev_slider_1_1_wrapper\" data-source=\"gallery\" style=\"background:#000000;padding:0;margin:0px auto;margin-top:0;margin-bottom:0;\">\n\t\t\t\t<rs-module id=\"rev_slider_1_1\" style=\"\" data-version=\"6.4.6\">\n\t\t\t\t\t<rs-slides>\n\t\t\t\t\t\t<rs-slide data-key=\"rs-10\" data-title=\"Slide\" data-thumb=\"\/\/sindeperbo.com\/wp-content\/uploads\/2025\/02\/Banner-pagina-web-Sindicato.png\" data-seoz=\"front\" data-anim=\"ms:600;\" data-in=\"o:0;\" data-out=\"a:false;\">\n\t\t\t\t\t\t\t<img fetchpriority=\"high\" decoding=\"async\" src=\"\/\/sindeperbo.com\/wp-content\/plugins\/revslider\/public\/assets\/assets\/transparent.png\" alt=\"Slide\" title=\"Banner p\u00e1gina web Sindicato\" width=\"1200\" height=\"400\" class=\"rev-slidebg tp-rs-img\" data-bg=\"p:center top;c:#3f0013;f:contain;\" data-no-retina>\n<!--\n\t\t\t\t\t\t\t--><rs-layer\n\t\t\t\t\t\t\t\tid=\"slider-1-slide-10-layer-1\" \n\t\t\t\t\t\t\t\tdata-type=\"image\"\n\t\t\t\t\t\t\t\tdata-rsp_ch=\"on\"\n\t\t\t\t\t\t\t\tdata-xy=\"x:c;y:m;\"\n\t\t\t\t\t\t\t\tdata-text=\"w:normal;s:20,17,12,7;l:0,21,15,9;\"\n\t\t\t\t\t\t\t\tdata-dim=\"w:1589px,1355px,1029px,634px;h:662px,564px,428px,264px;\"\n\t\t\t\t\t\t\t\tdata-actions='o:click;a:nextframe;layer:slider-1-slide-10-layer-;ch:true;'\n\t\t\t\t\t\t\t\tdata-frame_999=\"o:0;st:w;\"\n\t\t\t\t\t\t\t\tstyle=\"z-index:8;\"\n\t\t\t\t\t\t\t><img decoding=\"async\" src=\"\/\/sindeperbo.com\/wp-content\/uploads\/2026\/03\/SINDEPERBO.png\" class=\"tp-rs-img\" width=\"2880\" height=\"1200\" data-no-retina> \n\t\t\t\t\t\t\t<\/rs-layer><!--\n-->\t\t\t\t\t\t<\/rs-slide>\n\t\t\t\t\t\t<rs-slide data-key=\"rs-13\" data-title=\"Slide\" data-in=\"o:0;\" data-out=\"a:false;\">\n\t\t\t\t\t\t\t<img decoding=\"async\" src=\"\/\/sindeperbo.com\/wp-content\/plugins\/revslider\/public\/assets\/assets\/transparent.png\" alt=\"Slide\" title=\"Home\" class=\"rev-slidebg tp-rs-img\" data-no-retina>\n<!--\n\t\t\t\t\t\t\t--><rs-layer\n\t\t\t\t\t\t\t\tid=\"slider-1-slide-13-layer-0\" \n\t\t\t\t\t\t\t\tdata-type=\"image\"\n\t\t\t\t\t\t\t\tdata-rsp_ch=\"on\"\n\t\t\t\t\t\t\t\tdata-xy=\"x:c;y:m;yo:11px,9px,6px,3px;\"\n\t\t\t\t\t\t\t\tdata-text=\"w:normal;s:20,17,12,7;l:0,21,15,9;\"\n\t\t\t\t\t\t\t\tdata-dim=\"w:1594px,1360px,1033px,637px;h:664px,566px,430px,265px;\"\n\t\t\t\t\t\t\t\tdata-actions='o:click;a:jumptoslide;slide:next;'\n\t\t\t\t\t\t\t\tdata-frame_999=\"o:0;st:w;\"\n\t\t\t\t\t\t\t\tstyle=\"z-index:5;\"\n\t\t\t\t\t\t\t><img decoding=\"async\" src=\"\/\/sindeperbo.com\/wp-content\/uploads\/2026\/03\/Anexo-2.-2026-feb-24.-Banner-SINDEPERBO-12M.jpg\" class=\"tp-rs-img\" width=\"1200\" height=\"500\" data-no-retina> \n\t\t\t\t\t\t\t<\/rs-layer><!--\n-->\t\t\t\t\t\t<\/rs-slide>\n\t\t\t\t\t<\/rs-slides>\n\t\t\t\t\t<rs-static-layers><!--\n\t\t\t\t\t--><\/rs-static-layers>\n\t\t\t\t<\/rs-module>\n\t\t\t\t<script type=\"text\/javascript\">\n\t\t\t\t\tsetREVStartSize({c: 'rev_slider_1_1',rl:[1240,1024,778,480],el:[600,400,960,600],gw:[1200,1024,778,480],gh:[600,400,600,600],type:'standard',justify:'',layout:'fullwidth',mh:\"0\"});\n\t\t\t\t\tvar\trevapi1,\n\t\t\t\t\t\ttpj;\n\t\t\t\t\tfunction revinit_revslider11() {\n\t\t\t\t\tjQuery(function() {\n\t\t\t\t\t\ttpj = jQuery;\n\t\t\t\t\t\trevapi1 = tpj(\"#rev_slider_1_1\");\n\t\t\t\t\t\tif(revapi1==undefined || revapi1.revolution == undefined){\n\t\t\t\t\t\t\trevslider_showDoubleJqueryError(\"rev_slider_1_1\");\n\t\t\t\t\t\t}else{\n\t\t\t\t\t\t\trevapi1.revolution({\n\t\t\t\t\t\t\t\tDPR:\"dpr\",\n\t\t\t\t\t\t\t\tsliderLayout:\"fullwidth\",\n\t\t\t\t\t\t\t\tvisibilityLevels:\"1240,1024,778,480\",\n\t\t\t\t\t\t\t\tgridwidth:\"1200,1024,778,480\",\n\t\t\t\t\t\t\t\tgridheight:\"600,400,600,600\",\n\t\t\t\t\t\t\t\tspinner:\"spinner0\",\n\t\t\t\t\t\t\t\tperspective:600,\n\t\t\t\t\t\t\t\tperspectiveType:\"local\",\n\t\t\t\t\t\t\t\teditorheight:\"600,400,960,600\",\n\t\t\t\t\t\t\t\tresponsiveLevels:\"1240,1024,778,480\",\n\t\t\t\t\t\t\t\tprogressBar:{disableProgressBar:true},\n\t\t\t\t\t\t\t\tnavigation: {\n\t\t\t\t\t\t\t\t\tmouseScrollNavigation:false,\n\t\t\t\t\t\t\t\t\twheelCallDelay:1000,\n\t\t\t\t\t\t\t\t\tonHoverStop:false,\n\t\t\t\t\t\t\t\t\tarrows: {\n\t\t\t\t\t\t\t\t\t\tenable:true,\n\t\t\t\t\t\t\t\t\t\tstyle:\"custom\",\n\t\t\t\t\t\t\t\t\t\thide_onleave:true,\n\t\t\t\t\t\t\t\t\t\tleft: {\n\n\t\t\t\t\t\t\t\t\t\t},\n\t\t\t\t\t\t\t\t\t\tright: {\n\t\t\t\t\t\t\t\t\t\t\th_offset:-1\n\t\t\t\t\t\t\t\t\t\t}\n\t\t\t\t\t\t\t\t\t}\n\t\t\t\t\t\t\t\t},\n\t\t\t\t\t\t\t\tfallbacks: {\n\t\t\t\t\t\t\t\t\tallowHTML5AutoPlayOnAndroid:true\n\t\t\t\t\t\t\t\t},\n\t\t\t\t\t\t\t});\n\t\t\t\t\t\t}\n\t\t\t\t\t\t\n\t\t\t\t\t});\n\t\t\t\t\t} \/\/ End of RevInitScript\n\t\t\t\tvar once_revslider11 = false;\n\t\t\t\tif (document.readyState === \"loading\") {document.addEventListener('readystatechange',function() { if((document.readyState === \"interactive\" || document.readyState === \"complete\") && !once_revslider11 ) { once_revslider11 = true; revinit_revslider11();}});} else {once_revslider11 = true; revinit_revslider11();}\n\t\t\t\t<\/script>\n\t\t\t\t<script>\n\t\t\t\t\tvar htmlDivCss = unescape(\"%23rev_slider_1_1_wrapper%20.custom.tparrows%20%7B%0A%09cursor%3Apointer%3B%0A%09background%3A%23000%3B%0A%09background%3Argba%280%2C0%2C0%2C0.5%29%3B%0A%09width%3A40px%3B%0A%09height%3A40px%3B%0A%09position%3Aabsolute%3B%0A%09display%3Ablock%3B%0A%09z-index%3A1000%3B%0A%7D%0A%23rev_slider_1_1_wrapper%20.custom.tparrows%3Ahover%20%7B%0A%09background%3A%23000%3B%0A%7D%0A%23rev_slider_1_1_wrapper%20.custom.tparrows%3Abefore%20%7B%0A%09font-family%3A%20%27revicons%27%3B%0A%09font-size%3A15px%3B%0A%09color%3A%23fff%3B%0A%09display%3Ablock%3B%0A%09line-height%3A%2040px%3B%0A%09text-align%3A%20center%3B%0A%7D%0A%23rev_slider_1_1_wrapper%20.custom.tparrows.tp-leftarrow%3Abefore%20%7B%0A%09content%3A%20%27%5Ce824%27%3B%0A%7D%0A%23rev_slider_1_1_wrapper%20.custom.tparrows.tp-rightarrow%3Abefore%20%7B%0A%09content%3A%20%27%5Ce825%27%3B%0A%7D%0A%0A%0A\");\n\t\t\t\t\tvar htmlDiv = document.getElementById('rs-plugin-settings-inline-css');\n\t\t\t\t\tif(htmlDiv) {\n\t\t\t\t\t\thtmlDiv.innerHTML = htmlDiv.innerHTML + htmlDivCss;\n\t\t\t\t\t}else{\n\t\t\t\t\t\tvar htmlDiv = document.createElement('div');\n\t\t\t\t\t\thtmlDiv.innerHTML = '<style>' + htmlDivCss + '<\/style>';\n\t\t\t\t\t\tdocument.getElementsByTagName('head')[0].appendChild(htmlDiv.childNodes[0]);\n\t\t\t\t\t}\n\t\t\t\t<\/script>\n\t\t\t\t<script>\n\t\t\t\t\tvar htmlDivCss = unescape(\"%0A%0A\");\n\t\t\t\t\tvar htmlDiv = document.getElementById('rs-plugin-settings-inline-css');\n\t\t\t\t\tif(htmlDiv) {\n\t\t\t\t\t\thtmlDiv.innerHTML = htmlDiv.innerHTML + htmlDivCss;\n\t\t\t\t\t}else{\n\t\t\t\t\t\tvar htmlDiv = document.createElement('div');\n\t\t\t\t\t\thtmlDiv.innerHTML = '<style>' + htmlDivCss + '<\/style>';\n\t\t\t\t\t\tdocument.getElementsByTagName('head')[0].appendChild(htmlDiv.childNodes[0]);\n\t\t\t\t\t}\n\t\t\t\t<\/script>\n\t\t\t<\/rs-module-wrap>\n\t\t\t<!-- END REVOLUTION SLIDER -->\n<\/div>\n\n\n\n<div style=\"height:100px\" aria-hidden=\"true\" class=\"wp-block-spacer\"><\/div>\n\n\n<figure><\/figure>\n<h2 style=\"text-align: center;\">SINDEPERBO<\/h2>\n<h2 style=\"font-variant-ligatures: normal; font-variant-caps: normal; line-height: 38px; font-size: 1.1em; font-style: normal; font-weight: 100; letter-spacing: 2.4px; -webkit-text-stroke-color: #000000; stroke-width: 0px; stroke: #000000; text-align: center;\"><i style=\"font-size: 16.5px;\">Sindicato de Empleadas y Empleados de la Personer\u00eda de Bogot\u00e1<\/i><\/h2>\n\n\n<p>SINDEPERBO nace como una organizaci\u00f3n sindical orientada a promover un nuevo sindicalismo democr\u00e1tico, transparente, incluyente y pluralista. Su prop\u00f3sito es representar y defender los aut\u00e9nticos intereses y necesidades de sus afiliados, as\u00ed como de los servidores p\u00fablicos y trabajadores colombianos, fomentando la participaci\u00f3n, el di\u00e1logo y la construcci\u00f3n colectiva en favor de mejores condiciones laborales y sociales.<\/p>\n\n\n\n<div style=\"height:39px\" aria-hidden=\"true\" class=\"wp-block-spacer\"><\/div>\n\n\n\n<div class=\"wp-block-columns is-layout-flex wp-container-core-columns-is-layout-9d6595d7 wp-block-columns-is-layout-flex\">\n<div class=\"wp-block-column is-layout-flow wp-block-column-is-layout-flow\">\n<div class=\"wp-block-buttons is-content-justification-center is-layout-flex wp-container-core-buttons-is-layout-16018d1d wp-block-buttons-is-layout-flex\">\n<div class=\"wp-block-button\"><a class=\"wp-block-button__link wp-element-button\" href=\"https:\/\/sindeperbo.com\/index.php\/afiliaciones\/\">\u00a1Af\u00edliate!<\/a><\/div>\n<\/div>\n<\/div>\n\n\n\n<div class=\"wp-block-column is-layout-flow wp-block-column-is-layout-flow\">\n<div class=\"wp-block-buttons is-content-justification-center is-layout-flex wp-container-core-buttons-is-layout-16018d1d wp-block-buttons-is-layout-flex\">\n<div class=\"wp-block-button\"><a class=\"wp-block-button__link wp-element-button\" href=\"https:\/\/sindeperbo.com\/index.php\/redes-sociales-sindeperbo\/\">Redes Sociales<\/a><\/div>\n<\/div>\n<\/div>\n<\/div>\n\n\n\n<div style=\"height:35px\" aria-hidden=\"true\" class=\"wp-block-spacer\"><\/div>\n\n\n\n<hr class=\"wp-block-separator has-alpha-channel-opacity\"\/>\n\n\n\n<div style=\"height:19px\" aria-hidden=\"true\" class=\"wp-block-spacer\"><\/div>\n\n\n\n<h2 class=\"wp-block-heading has-text-align-center has-medium-font-size\">\u00a1Aqu\u00ed puedes revisar nuestros \u00faltimos Newsletters y seguir de cerca todo lo que estamos construyendo!<\/h2>\n\n\n\n<div style=\"height:39px\" aria-hidden=\"true\" class=\"wp-block-spacer\"><\/div>\n\n\n\n<div class=\"wp-block-group\"><div class=\"wp-block-group__inner-container is-layout-constrained wp-block-group-is-layout-constrained\">\n<div style=\"height:0px\" aria-hidden=\"true\" class=\"wp-block-spacer\"><\/div>\n<\/div><\/div>\n\n\n\n<div class=\"wp-block-group is-vertical is-layout-flex wp-container-core-group-is-layout-8cf370e7 wp-block-group-is-layout-flex\"><ul class=\"wp-block-latest-posts__list is-grid columns-2 wp-block-latest-posts\"><li><div class=\"wp-block-latest-posts__featured-image aligncenter\"><a href=\"https:\/\/sindeperbo.com\/index.php\/2026\/04\/06\/nos-hemos-ganado-un-espacio-en-la-negociacion-distrital\/\" aria-label=\"Nos hemos ganado un espacio en la Negociaci\u00f3n Distrital.\"><img loading=\"lazy\" decoding=\"async\" width=\"724\" height=\"1024\" src=\"https:\/\/sindeperbo.com\/wp-content\/uploads\/2026\/04\/Nos-hemos-ganado-un-espacio-en-la-Negociacion-Distrital-724x1024.png\" class=\"attachment-large size-large wp-post-image\" alt=\"\" style=\"max-width:512px;max-height:512px;\" srcset=\"https:\/\/sindeperbo.com\/wp-content\/uploads\/2026\/04\/Nos-hemos-ganado-un-espacio-en-la-Negociacion-Distrital-724x1024.png 724w, https:\/\/sindeperbo.com\/wp-content\/uploads\/2026\/04\/Nos-hemos-ganado-un-espacio-en-la-Negociacion-Distrital-212x300.png 212w, https:\/\/sindeperbo.com\/wp-content\/uploads\/2026\/04\/Nos-hemos-ganado-un-espacio-en-la-Negociacion-Distrital-768x1086.png 768w, https:\/\/sindeperbo.com\/wp-content\/uploads\/2026\/04\/Nos-hemos-ganado-un-espacio-en-la-Negociacion-Distrital-1086x1536.png 1086w, https:\/\/sindeperbo.com\/wp-content\/uploads\/2026\/04\/Nos-hemos-ganado-un-espacio-en-la-Negociacion-Distrital-550x778.png 550w, https:\/\/sindeperbo.com\/wp-content\/uploads\/2026\/04\/Nos-hemos-ganado-un-espacio-en-la-Negociacion-Distrital.png 1414w\" sizes=\"(max-width: 724px) 100vw, 724px\" \/><\/a><\/div><a class=\"wp-block-latest-posts__post-title\" href=\"https:\/\/sindeperbo.com\/index.php\/2026\/04\/06\/nos-hemos-ganado-un-espacio-en-la-negociacion-distrital\/\">Nos hemos ganado un espacio en la Negociaci\u00f3n Distrital.<\/a><div class=\"wp-block-latest-posts__post-full-content\"><!-- wp:paragraph -->\n<p>SINDEPERBO contin\u00faa fortaleciendo su presencia en los escenarios clave de negociaci\u00f3n distrital.<\/p>\n<!-- \/wp:paragraph -->\n\n<!-- wp:paragraph -->\n<p><\/p>\n<!-- \/wp:paragraph --><\/div><\/li>\n<li><div class=\"wp-block-latest-posts__featured-image aligncenter\"><a href=\"https:\/\/sindeperbo.com\/index.php\/2026\/03\/26\/newsletter-edicion-marzo-2025\/\" aria-label=\"Newsletter Edici\u00f3n marzo 2026\"><img loading=\"lazy\" decoding=\"async\" width=\"724\" height=\"1024\" src=\"https:\/\/sindeperbo.com\/wp-content\/uploads\/2026\/03\/Newsletter-SINDEPERBO-724x1024.png\" class=\"attachment-large size-large wp-post-image\" alt=\"\" style=\"max-width:512px;max-height:512px;\" srcset=\"https:\/\/sindeperbo.com\/wp-content\/uploads\/2026\/03\/Newsletter-SINDEPERBO-724x1024.png 724w, https:\/\/sindeperbo.com\/wp-content\/uploads\/2026\/03\/Newsletter-SINDEPERBO-212x300.png 212w, https:\/\/sindeperbo.com\/wp-content\/uploads\/2026\/03\/Newsletter-SINDEPERBO-768x1086.png 768w, https:\/\/sindeperbo.com\/wp-content\/uploads\/2026\/03\/Newsletter-SINDEPERBO-1086x1536.png 1086w, https:\/\/sindeperbo.com\/wp-content\/uploads\/2026\/03\/Newsletter-SINDEPERBO-550x778.png 550w, https:\/\/sindeperbo.com\/wp-content\/uploads\/2026\/03\/Newsletter-SINDEPERBO.png 1414w\" sizes=\"(max-width: 724px) 100vw, 724px\" \/><\/a><\/div><a class=\"wp-block-latest-posts__post-title\" href=\"https:\/\/sindeperbo.com\/index.php\/2026\/03\/26\/newsletter-edicion-marzo-2025\/\">Newsletter Edici\u00f3n marzo 2026<\/a><div class=\"wp-block-latest-posts__post-full-content\"><!-- wp:paragraph -->\n<p>SINDEPERBO conmemor\u00f3 el D\u00eda de la Mujer Trabajadora con una jornada de reflexi\u00f3n, aprendizaje y cultura. <\/p>\n<!-- \/wp:paragraph -->\n\n<!-- wp:paragraph -->\n<p><\/p>\n<!-- \/wp:paragraph --><\/div><\/li>\n<li><div class=\"wp-block-latest-posts__featured-image aligncenter\"><a href=\"https:\/\/sindeperbo.com\/index.php\/2025\/02\/18\/newsletter-edicion-febrero-2025\/\" aria-label=\"Newsletter Edici\u00f3n febrero 2025\"><img loading=\"lazy\" decoding=\"async\" width=\"576\" height=\"1024\" src=\"https:\/\/sindeperbo.com\/wp-content\/uploads\/2025\/02\/newsletter-febrero-576x1024.png\" class=\"attachment-large size-large wp-post-image\" alt=\"\" style=\"max-width:512px;max-height:512px;\" srcset=\"https:\/\/sindeperbo.com\/wp-content\/uploads\/2025\/02\/newsletter-febrero-576x1024.png 576w, https:\/\/sindeperbo.com\/wp-content\/uploads\/2025\/02\/newsletter-febrero-169x300.png 169w, https:\/\/sindeperbo.com\/wp-content\/uploads\/2025\/02\/newsletter-febrero-768x1365.png 768w, https:\/\/sindeperbo.com\/wp-content\/uploads\/2025\/02\/newsletter-febrero-864x1536.png 864w, https:\/\/sindeperbo.com\/wp-content\/uploads\/2025\/02\/newsletter-febrero-550x978.png 550w, https:\/\/sindeperbo.com\/wp-content\/uploads\/2025\/02\/newsletter-febrero.png 1080w\" sizes=\"(max-width: 576px) 100vw, 576px\" \/><\/a><\/div><a class=\"wp-block-latest-posts__post-title\" href=\"https:\/\/sindeperbo.com\/index.php\/2025\/02\/18\/newsletter-edicion-febrero-2025\/\">Newsletter Edici\u00f3n febrero 2025<\/a><div class=\"wp-block-latest-posts__post-full-content\"><!-- wp:paragraph -->\n<p><\/p>\n<!-- \/wp:paragraph -->\n\n<!-- wp:paragraph -->\n<p>\u00bfC\u00f3mo va el redise\u00f1o? Horas extra, pliegos 2025 y m\u00e1s.<\/p>\n<!-- \/wp:paragraph -->\n\n<!-- wp:paragraph -->\n<p><a href=\"https:\/\/sindeperbo.com\/wp-content\/uploads\/2025\/02\/newsletter-febrero.png\" title=\"\">Lee la nota completa aqu\u00ed<\/a><\/p>\n<!-- \/wp:paragraph --><\/div><\/li>\n<li><div class=\"wp-block-latest-posts__featured-image aligncenter\"><a href=\"https:\/\/sindeperbo.com\/index.php\/2025\/02\/11\/oficio-al-concejo-rediseno-y-ampliacion-de-planta\/\" aria-label=\"Oficio al Concejo redise\u00f1o y ampliaci\u00f3n de planta\"><img loading=\"lazy\" decoding=\"async\" width=\"569\" height=\"744\" src=\"https:\/\/sindeperbo.com\/wp-content\/uploads\/2025\/02\/11.png\" class=\"attachment-large size-large wp-post-image\" alt=\"\" style=\"max-width:512px;max-height:512px;\" srcset=\"https:\/\/sindeperbo.com\/wp-content\/uploads\/2025\/02\/11.png 569w, https:\/\/sindeperbo.com\/wp-content\/uploads\/2025\/02\/11-229x300.png 229w\" sizes=\"(max-width: 569px) 100vw, 569px\" \/><\/a><\/div><a class=\"wp-block-latest-posts__post-title\" href=\"https:\/\/sindeperbo.com\/index.php\/2025\/02\/11\/oficio-al-concejo-rediseno-y-ampliacion-de-planta\/\">Oficio al Concejo redise\u00f1o y ampliaci\u00f3n de planta<\/a><div class=\"wp-block-latest-posts__post-full-content\"><!-- wp:paragraph -->\n<p>Oficio al Concejo comentarios PA 242 redise\u00f1o y ampliaci\u00f3n de planta<\/p>\n<!-- \/wp:paragraph -->\n\n<!-- wp:paragraph -->\n<p><a href=\"https:\/\/sindeperbo.com\/wp-content\/uploads\/2025\/02\/2025-feb-11.-Oficio-al-Concejo-comentarios-PA-242-rediseno-y-ampliacion-de-planta-SI.pdf\" title=\"\">Mira la nota completa aqu\u00ed<\/a><\/p>\n<!-- \/wp:paragraph -->\n\n<!-- wp:paragraph -->\n<p><\/p>\n<!-- \/wp:paragraph --><\/div><\/li>\n<\/ul><\/div>\n\n\n\n<p><\/p>\n","protected":false},"excerpt":{"rendered":"<p>SINDEPERBO Sindicato de Empleadas y Empleados de la Personer\u00eda de Bogot\u00e1 SINDEPERBO nace como una organizaci\u00f3n sindical orientada a promover un nuevo sindicalismo democr\u00e1tico, transparente, incluyente y pluralista. Su prop\u00f3sito es representar y defender los aut\u00e9nticos intereses y necesidades de sus afiliados, as\u00ed como de los servidores p\u00fablicos y trabajadores<\/p>\n","protected":false},"author":1,"featured_media":0,"parent":0,"menu_order":0,"comment_status":"closed","ping_status":"closed","template":"","meta":{"om_disable_all_campaigns":false,"_monsterinsights_skip_tracking":false,"_monsterinsights_sitenote_active":false,"_monsterinsights_sitenote_note":"","_monsterinsights_sitenote_category":0,"footnotes":""},"class_list":["post-18061","page","type-page","status-publish","hentry"],"aioseo_notices":[],"_links":{"self":[{"href":"https:\/\/sindeperbo.com\/index.php\/wp-json\/wp\/v2\/pages\/18061","targetHints":{"allow":["GET"]}}],"collection":[{"href":"https:\/\/sindeperbo.com\/index.php\/wp-json\/wp\/v2\/pages"}],"about":[{"href":"https:\/\/sindeperbo.com\/index.php\/wp-json\/wp\/v2\/types\/page"}],"author":[{"embeddable":true,"href":"https:\/\/sindeperbo.com\/index.php\/wp-json\/wp\/v2\/users\/1"}],"replies":[{"embeddable":true,"href":"https:\/\/sindeperbo.com\/index.php\/wp-json\/wp\/v2\/comments?post=18061"}],"version-history":[{"count":47,"href":"https:\/\/sindeperbo.com\/index.php\/wp-json\/wp\/v2\/pages\/18061\/revisions"}],"predecessor-version":[{"id":18365,"href":"https:\/\/sindeperbo.com\/index.php\/wp-json\/wp\/v2\/pages\/18061\/revisions\/18365"}],"wp:attachment":[{"href":"https:\/\/sindeperbo.com\/index.php\/wp-json\/wp\/v2\/media?parent=18061"}],"curies":[{"name":"wp","href":"https:\/\/api.w.org\/{rel}","templated":true}]}}